{"id":20957,"date":"2023-09-25T00:22:58","date_gmt":"2023-09-25T08:22:58","guid":{"rendered":"https:\/\/www.bonelinks.com\/product\/abisolierwerkzeug-fuer-gepanzerte-faserkabel\/"},"modified":"2024-02-02T01:54:26","modified_gmt":"2024-02-02T09:54:26","slug":"armored-fiber-cable-stripping-tool","status":"publish","type":"product","link":"https:\/\/www.bonelinks.com\/de\/product\/armored-fiber-cable-stripping-tool\/","title":{"rendered":"Abisolierwerkzeug f\u00fcr gepanzerte Faserkabel"},"content":{"rendered":"<h2 style=\"text-align: left; font-size: 18px;\"><strong>Abisolierzange f\u00fcr gepanzerte Faserkabel<\/strong><\/h2>\n<p>Das Abisolierwerkzeug f\u00fcr gepanzerte Glasfaserkabel ist ein hochwertiges Werkzeug zum Durchtrennen der harten Panzerschichten verschiedener Kabel, einschlie\u00dflich Fiber Feeders, Central Tubes, verseilter Loose Tube Glasfaserkabel und anderer gepanzerter Kabel aus Kupfer, Stahl oder Aluminium. Dieses vielseitige Werkzeug kann auch zum Schlitzen der Ummantelung oder Abschirmung von Nicht-Glasfaserkabeln verwendet werden.<\/p>\n<p>Mit der Abisolierzange f\u00fcr Panzerkabel k\u00f6nnen Sie m\u00fchelos sowohl den \u00e4u\u00dferen PVC-Mantel als auch die Panzerschicht in einem einzigen Arbeitsgang durchtrennen. Sie kann sowohl l\u00e4ngs als auch in Umfangsrichtung (ringf\u00f6rmig) schneiden, um die Kabelenden abzuisolieren. Au\u00dferdem k\u00f6nnen Sie das Kabel leicht in der Mitte der Spannweite vorbereiten, indem Sie die Klinge mit dem Klingenhebel um 90 Grad drehen. Dieses Werkzeug vereinfacht den Prozess des Ringens und Schlitzens von Kabeln und ist damit eine wertvolle Wahl f\u00fcr Profis.<\/p>\n<h2 style=\"text-align: left; font-size: 18px;\"><strong>Merkmale von Armored Fiber Cable Stripping Tool<\/strong><\/h2>\n<ul>\n<li>Einstellbar f\u00fcr Kabeldurchmesser von 8 mm (0,315 in.) bis 28,6 mm (1,125 in.)<\/li>\n<li>Die Klingentiefe kann bis zu 5,5 mm f\u00fcr verschiedene Kabelm\u00e4ntel eingestellt werden<\/li>\n<li>Enth\u00e4lt ein Kabelf\u00fchrungsrad f\u00fcr Stabilit\u00e4t und reibungslosere Werkzeugbewegung<\/li>\n<li>Hergestellt aus langlebigem eloxiertem Aluminium und Stahl<\/li>\n<\/ul>\n<h2 style=\"text-align: left; font-size: 18px;\"><strong>Auf der Suche nach mehr <\/strong><strong>Gepanzerte <\/strong><strong>Glasfaserverkabelung?<\/strong><\/h2>\n<p>Sind Sie auf der Suche nach mehr Auswahlm\u00f6glichkeiten bei der gepanzerten Glasfaserverkabelung? Pr\u00fcfen Sie unser<a href=\"https:\/\/www.bonelinks.com\/de\/armored-optical-fiber-cable\/\" target=\"_blank\" rel=\"noopener\"><strong><span style=\"color: #0054a6;\"> gepanzerten Glasfaserkabel <\/span><\/strong><\/a>f\u00fcr nahtlose Vernetzung.<\/p>\n","protected":false},"excerpt":{"rendered":"<p>Die Abisolierzange ist ein Spezialwerkzeug zum Schneiden von Panzerkabelm\u00e4nteln. Er eignet sich perfekt f\u00fcr die Verwendung mit verschiedenen Arten von armierten Kabeln, einschlie\u00dflich Zuleitungskabeln, Zentralrohrkabeln, Litzenkabeln und allen Kabeln mit einem Durchmesser von 8 mm bis 28 mm (0,315 Zoll bis 1,102 Zoll). Dieses Werkzeug ist ideal f\u00fcr den professionellen Einsatz.<\/p>\n","protected":false},"featured_media":19331,"template":"","meta":{"site-sidebar-layout":"default","site-content-layout":"default","ast-site-content-layout":"default","site-content-style":"default","site-sidebar-style":"default","ast-global-header-display":"","ast-banner-title-visibility":"","ast-main-header-display":"","ast-hfb-above-header-display":"","ast-hfb-below-header-display":"","ast-hfb-mobile-header-display":"","site-post-title":"","ast-breadcrumbs-content":"","ast-featured-img":"","footer-sml-layout":"","ast-disable-related-posts":"","theme-transparent-header-meta":"default","adv-header-id-meta":"","stick-header-meta":"default","header-above-stick-meta":"","header-main-stick-meta":"","header-below-stick-meta":"","astra-migrate-meta-layouts":"set","ast-page-background-enabled":"default","ast-page-background-meta":{"desktop":{"background-color":"","background-image":"","background-repeat":"repeat","background-position":"center center","background-size":"auto","background-attachment":"scroll","background-type":"","background-media":"","overlay-type":"","overlay-color":"","overlay-opacity":"","overlay-gradient":""},"tablet":{"background-color":"","background-image":"","background-repeat":"repeat","background-position":"center center","background-size":"auto","background-attachment":"scroll","background-type":"","background-media":"","overlay-type":"","overlay-color":"","overlay-opacity":"","overlay-gradient":""},"mobile":{"background-color":"","background-image":"","background-repeat":"repeat","background-position":"center center","background-size":"auto","background-attachment":"scroll","background-type":"","background-media":"","overlay-type":"","overlay-color":"","overlay-opacity":"","overlay-gradient":""}},"ast-content-background-meta":{"desktop":{"background-color":"var(--ast-global-color-5)","background-image":"","background-repeat":"repeat","background-position":"center center","background-size":"auto","background-attachment":"scroll","background-type":"","background-media":"","overlay-type":"","overlay-color":"","overlay-opacity":"","overlay-gradient":""},"tablet":{"background-color":"var(--ast-global-color-5)","background-image":"","background-repeat":"repeat","background-position":"center center","background-size":"auto","background-attachment":"scroll","background-type":"","background-media":"","overlay-type":"","overlay-color":"","overlay-opacity":"","overlay-gradient":""},"mobile":{"background-color":"var(--ast-global-color-5)","background-image":"","background-repeat":"repeat","background-position":"center center","background-size":"auto","background-attachment":"scroll","background-type":"","background-media":"","overlay-type":"","overlay-color":"","overlay-opacity":"","overlay-gradient":""}}},"product_brand":[],"product_cat":[256],"product_tag":[],"class_list":{"0":"post-20957","1":"product","2":"type-product","3":"status-publish","4":"has-post-thumbnail","6":"product_cat-fiber-optic-accessory-de","7":"desktop-align-left","8":"tablet-align-left","9":"mobile-align-left","10":"ast-product-gallery-layout-vertical","11":"ast-product-gallery-with-no-image","12":"ast-product-tabs-layout-vertical","13":"ast-qv-on-image","15":"first","16":"instock","17":"shipping-taxable","18":"product-type-simple"},"_links":{"self":[{"href":"https:\/\/www.bonelinks.com\/de\/wp-json\/wp\/v2\/product\/20957","targetHints":{"allow":["GET"]}}],"collection":[{"href":"https:\/\/www.bonelinks.com\/de\/wp-json\/wp\/v2\/product"}],"about":[{"href":"https:\/\/www.bonelinks.com\/de\/wp-json\/wp\/v2\/types\/product"}],"version-history":[{"count":3,"href":"https:\/\/www.bonelinks.com\/de\/wp-json\/wp\/v2\/product\/20957\/revisions"}],"predecessor-version":[{"id":24773,"href":"https:\/\/www.bonelinks.com\/de\/wp-json\/wp\/v2\/product\/20957\/revisions\/24773"}],"wp:featuredmedia":[{"embeddable":true,"href":"https:\/\/www.bonelinks.com\/de\/wp-json\/wp\/v2\/media\/19331"}],"wp:attachment":[{"href":"https:\/\/www.bonelinks.com\/de\/wp-json\/wp\/v2\/media?parent=20957"}],"wp:term":[{"taxonomy":"product_brand","embeddable":true,"href":"https:\/\/www.bonelinks.com\/de\/wp-json\/wp\/v2\/product_brand?post=20957"},{"taxonomy":"product_cat","embeddable":true,"href":"https:\/\/www.bonelinks.com\/de\/wp-json\/wp\/v2\/product_cat?post=20957"},{"taxonomy":"product_tag","embeddable":true,"href":"https:\/\/www.bonelinks.com\/de\/wp-json\/wp\/v2\/product_tag?post=20957"}],"curies":[{"name":"wp","href":"https:\/\/api.w.org\/{rel}","templated":true}]}}