{"id":20953,"date":"2023-09-28T03:17:03","date_gmt":"2023-09-28T11:17:03","guid":{"rendered":"https:\/\/www.bonelinks.com\/product\/h3c-sfp-ge-lx-sm1310-20-kompatibles-1000base-lx-lh-sfp-1310nm-20km-dom-duplex-lc-smf-transceiver-modul\/"},"modified":"2024-02-02T01:15:25","modified_gmt":"2024-02-02T09:15:25","slug":"h3c-sfp-ge-lx-sm1310-20-compatible-1000base-lx-lh-sfp-1310nm-20km-dom-duplex-lc-smf-transceiver-module","status":"publish","type":"product","link":"https:\/\/www.bonelinks.com\/de\/product\/h3c-sfp-ge-lx-sm1310-20-compatible-1000base-lx-lh-sfp-1310nm-20km-dom-duplex-lc-smf-transceiver-module\/","title":{"rendered":"H3C SFP-GE-LX-SM1310-20 Kompatibles 1000BASE-LX\/LH SFP 1310nm 20km DOM Duplex LC SMF Transceiver Modul"},"content":{"rendered":"<h2 style=\"text-align: left; font-size: 18px;\"><strong>H3C SFP-GE-LX-SM1310-20 Kompatibles 1000BASE-LX\/LH SFP-Transceiver-Modul (SMF, 1310nm, 20km, LC, DOM)<\/strong><\/h2>\n<p>Der kompatible optische Transceiver H3C SFP-GE-LX-SM1310-20 ist ein vielseitiges Modul f\u00fcr 1000BASE Ethernet. Er bietet eine Datenrate von 1 Gbps und kann Daten bis zu 20 km \u00fcber Singlemode-Faser (SMF) mit einer Wellenl\u00e4nge von 1310 nm \u00fcbertragen.<\/p>\n<p>Dieser Transceiver entspricht wichtigen Industriestandards wie dem SFP Multi-Source Agreement (MSA), IEEE 802.3z 1000BASE-LX20 und dem SERDES-Standard. Er verwendet einen 20-poligen, MSA-konformen elektrischen Anschluss und f\u00fcr die optische Seite einen Duplex-LC-Anschluss.<\/p>\n<p>Dieser Vollduplex-SFP-Transceiver ist mit einem \u00e4u\u00dferst zuverl\u00e4ssigen FP-Transmitter und einem PIN-Photodetektor ausgestattet, die eine erstklassige Leistung bei einer Datenrate von 1 Gbit\/s gew\u00e4hrleisten. Au\u00dferdem verf\u00fcgt er \u00fcber eine integrierte digitale Diagnosefunktion (DDM) zur Leistungs\u00fcberwachung in Echtzeit \u00fcber eine 2-Draht-Schnittstelle (TWI\/I2C).<\/p>\n<p>Unsere Module sind f\u00fcr die Kompatibilit\u00e4t vorprogrammiert und funktionieren genauso gut wie die originalen H3C SFP-GE-LX-SM1310-20-Transceiver, was sie zu einer zuverl\u00e4ssigen und kosteng\u00fcnstigen Wahl macht.<\/p>\n<h2 style=\"text-align: left; font-size: 18px;\"><strong>Eigenschaften<\/strong><\/h2>\n<ul>\n<li>\u00c4quivalente Funktionsweise: Er funktioniert genauso wie der H3C SFP-GE-LX-SM1310-20.<\/li>\n<li>Hot-Pluggable: Kann bei laufendem Betrieb eingesteckt und entfernt werden.<\/li>\n<li>Datenrate: Unterst\u00fctzt Datenraten von bis zu 1000Mbps (1Gbps).<\/li>\n<li>Wellenl\u00e4nge: Verwendet einen 1310nm FP-Sender und einen PIN-Fotoempf\u00e4nger f\u00fcr die optische Signal\u00fcbertragung.<\/li>\n<li>Anschluss: Ausgestattet mit einem optischen Duplex-LC-Anschluss.<\/li>\n<li>Entfernung: Erm\u00f6glicht Verbindungsstrecken von bis zu 20 km \u00fcber Singlemode-Glasfaser (SMF).<\/li>\n<li>Digitale Diagnostik: Integrierte digitale Diagnosefunktionen, die \u00fcber eine 2-Draht-Schnittstelle zug\u00e4nglich sind und eine Leistungs\u00fcberwachung in Echtzeit erm\u00f6glichen.<\/li>\n<li>Temperaturbereich: Geeignet f\u00fcr kommerzielle Anwendungen innerhalb eines Umgebungstemperaturbereichs von 0 bis 70\u00b0C.<\/li>\n<\/ul>\n<h2 style=\"text-align: left; font-size: 18px;\"><strong>Anwendungen<\/strong><\/h2>\n<p>1000BASE-LX\/LH SFP-Transceiver-Verbindungsl\u00f6sung<\/p>\n<h2 style=\"text-align: left; font-size: 18px;\"><strong>Suchen Sie nach weiteren optischen Transceivern?<\/strong><\/h2>\n<p>Suchen Sie nach einer gr\u00f6\u00dferen Auswahl an optischen Transceivern? Sehen Sie sich unser<a href=\"https:\/\/www.bonelinks.com\/de\/products\/optical-transceivers-de\/\" target=\"_blank\" rel=\"noopener\"><strong><span style=\"color: #0054a6;\"> Optischen Transceiver <\/span><\/strong><\/a>f\u00fcr nahtlose Vernetzung.<\/p>\n","protected":false},"excerpt":{"rendered":"<p>Der kompatible SFP-Transceiver H3C SFP-GE-LX-SM1310-20 kann Verbindungen von bis zu 20 km \u00fcber LC-Duplex-SMF-Glasfaser herstellen. Es wurde f\u00fcr die Verwendung mit H3C-Switches, -Routern, -Servern und -NICs getestet. Dieser Hot-Swap-f\u00e4hige 1G SFP-Transceiver ist energieeffizient und eignet sich perfekt f\u00fcr ISP-Gigabit-Ethernet, Unternehmens-LAN- und SAN-Netzwerke, LAN- und SAN-Netzwerke von Rechenzentren und andere optische Verbindungen.<\/p>\n","protected":false},"featured_media":19441,"template":"","meta":{"site-sidebar-layout":"default","site-content-layout":"default","ast-site-content-layout":"default","site-content-style":"default","site-sidebar-style":"default","ast-global-header-display":"","ast-banner-title-visibility":"","ast-main-header-display":"","ast-hfb-above-header-display":"","ast-hfb-below-header-display":"","ast-hfb-mobile-header-display":"","site-post-title":"","ast-breadcrumbs-content":"","ast-featured-img":"","footer-sml-layout":"","ast-disable-related-posts":"","theme-transparent-header-meta":"default","adv-header-id-meta":"","stick-header-meta":"default","header-above-stick-meta":"","header-main-stick-meta":"","header-below-stick-meta":"","astra-migrate-meta-layouts":"set","ast-page-background-enabled":"default","ast-page-background-meta":{"desktop":{"background-color":"","background-image":"","background-repeat":"repeat","background-position":"center center","background-size":"auto","background-attachment":"scroll","background-type":"","background-media":"","overlay-type":"","overlay-color":"","overlay-opacity":"","overlay-gradient":""},"tablet":{"background-color":"","background-image":"","background-repeat":"repeat","background-position":"center center","background-size":"auto","background-attachment":"scroll","background-type":"","background-media":"","overlay-type":"","overlay-color":"","overlay-opacity":"","overlay-gradient":""},"mobile":{"background-color":"","background-image":"","background-repeat":"repeat","background-position":"center center","background-size":"auto","background-attachment":"scroll","background-type":"","background-media":"","overlay-type":"","overlay-color":"","overlay-opacity":"","overlay-gradient":""}},"ast-content-background-meta":{"desktop":{"background-color":"var(--ast-global-color-5)","background-image":"","background-repeat":"repeat","background-position":"center center","background-size":"auto","background-attachment":"scroll","background-type":"","background-media":"","overlay-type":"","overlay-color":"","overlay-opacity":"","overlay-gradient":""},"tablet":{"background-color":"var(--ast-global-color-5)","background-image":"","background-repeat":"repeat","background-position":"center center","background-size":"auto","background-attachment":"scroll","background-type":"","background-media":"","overlay-type":"","overlay-color":"","overlay-opacity":"","overlay-gradient":""},"mobile":{"background-color":"var(--ast-global-color-5)","background-image":"","background-repeat":"repeat","background-position":"center center","background-size":"auto","background-attachment":"scroll","background-type":"","background-media":"","overlay-type":"","overlay-color":"","overlay-opacity":"","overlay-gradient":""}}},"product_brand":[],"product_cat":[270],"product_tag":[],"class_list":{"0":"post-20953","1":"product","2":"type-product","3":"status-publish","4":"has-post-thumbnail","6":"product_cat-optical-transceivers-de","7":"desktop-align-left","8":"tablet-align-left","9":"mobile-align-left","10":"ast-product-gallery-layout-vertical","11":"ast-product-tabs-layout-vertical","12":"ast-qv-on-image","14":"first","15":"instock","16":"shipping-taxable","17":"product-type-simple"},"_links":{"self":[{"href":"https:\/\/www.bonelinks.com\/de\/wp-json\/wp\/v2\/product\/20953","targetHints":{"allow":["GET"]}}],"collection":[{"href":"https:\/\/www.bonelinks.com\/de\/wp-json\/wp\/v2\/product"}],"about":[{"href":"https:\/\/www.bonelinks.com\/de\/wp-json\/wp\/v2\/types\/product"}],"version-history":[{"count":3,"href":"https:\/\/www.bonelinks.com\/de\/wp-json\/wp\/v2\/product\/20953\/revisions"}],"predecessor-version":[{"id":24765,"href":"https:\/\/www.bonelinks.com\/de\/wp-json\/wp\/v2\/product\/20953\/revisions\/24765"}],"wp:featuredmedia":[{"embeddable":true,"href":"https:\/\/www.bonelinks.com\/de\/wp-json\/wp\/v2\/media\/19441"}],"wp:attachment":[{"href":"https:\/\/www.bonelinks.com\/de\/wp-json\/wp\/v2\/media?parent=20953"}],"wp:term":[{"taxonomy":"product_brand","embeddable":true,"href":"https:\/\/www.bonelinks.com\/de\/wp-json\/wp\/v2\/product_brand?post=20953"},{"taxonomy":"product_cat","embeddable":true,"href":"https:\/\/www.bonelinks.com\/de\/wp-json\/wp\/v2\/product_cat?post=20953"},{"taxonomy":"product_tag","embeddable":true,"href":"https:\/\/www.bonelinks.com\/de\/wp-json\/wp\/v2\/product_tag?post=20953"}],"curies":[{"name":"wp","href":"https:\/\/api.w.org\/{rel}","templated":true}]}}