{"id":20922,"date":"2023-11-02T03:08:05","date_gmt":"2023-11-02T11:08:05","guid":{"rendered":"https:\/\/www.bonelinks.com\/product\/lc-lc-faser-patchkabel-62-5-125-multimode-om1-1gb-duplex\/"},"modified":"2024-02-02T01:01:42","modified_gmt":"2024-02-02T09:01:42","slug":"lc-lc-fiber-patch-cable-62-5-125-multimode-om1-1gb-duplex","status":"publish","type":"product","link":"https:\/\/www.bonelinks.com\/de\/product\/lc-lc-fiber-patch-cable-62-5-125-multimode-om1-1gb-duplex\/","title":{"rendered":"LC LC Faser Patchkabel 62.5\/125 Multimode OM1 1Gb Duplex"},"content":{"rendered":"<p><strong>Suchen Sie nach mehr Auswahl an Glasfaser-Patchkabeln?<\/strong><br \/>\nSuchen Sie nach einer gr\u00f6\u00dferen Auswahl an Glasfaser-Patchkabeln? Sehen Sie sich unser <span style=\"color: #0054a6;\"><strong><a style=\"color: #0054a6;\" href=\"https:\/\/www.bonelinks.com\/de\/lc-fibre-patch-leads\/\" target=\"_blank\" rel=\"noopener\">LC-Faser-Patchkabel, <\/a><a style=\"color: #0054a6;\" href=\"https:\/\/www.bonelinks.com\/de\/lc-to-lc-fiber-patch-cable\/\" target=\"_blank\" rel=\"noopener\">LC-LC-Faser-Patchkabel <\/a><\/strong><\/span>und <strong><span style=\"color: #0054a6;\"><a style=\"color: #0054a6;\" href=\"https:\/\/www.bonelinks.com\/de\/multimode-fibre-patch-leads\/\" target=\"_blank\" rel=\"noopener\">Multimode-Faser-Patchkabel <\/a><\/span><\/strong>f\u00fcr eine reibungslose Vernetzung.<\/p>\n<p>Wenn Sie nicht genau das Kabel finden, das Sie suchen, k\u00f6nnen Sie ganz einfach Ihr <strong><a href=\"https:\/\/www.bonelinks.com\/de\/custom-fiber-optic-cables\/\" target=\"_blank\" rel=\"noopener\">eigenes Glasfaserkabel<\/a> <\/strong>erstellen <strong>. <\/strong>Sie haben die Flexibilit\u00e4t, den Kabeltyp, die L\u00e4nge, die Stecker, die Modalit\u00e4t, die Anzahl der Litzen und die Art der Ummantelung auszuw\u00e4hlen, und wir werden es nach Ihren Vorgaben herstellen.<\/p>\n<p>Seien Sie versichert, dass unsere Preise wettbewerbsf\u00e4hig sind und dass wir anpassungsf\u00e4hige Mindestbestellmengen (MOQ) haben.<\/p>\n<p>Wenn Sie weitere Hilfe ben\u00f6tigen, k\u00f6nnen Sie sich auch gerne an uns wenden. Unser Support-Team wird Sie dabei unterst\u00fctzen, die perfekte Glasfaserkabell\u00f6sung f\u00fcr Ihre Anforderungen zu finden.<\/p>\n","protected":false},"excerpt":{"rendered":"<p>LC LC Fiber Patch Kabel 62.5\/125 Multimode OM1 1Gb Duplex Montage. Diese Glasfaser-Patchkabel sind f\u00fcr platzsparende Anwendungen konzipiert und verf\u00fcgen \u00fcber LC-Stecker mit kleinem Formfaktor (SFF), 1,25-mm-Keramikferrulen und LC-Duplex-Clips. Sie bieten hohe Bandbreiten mit 62,5\u03bcm-Multimode-Fasern (MMF) f\u00fcr eine zuverl\u00e4ssige 1\/10-Gbit\/s-Hochgeschwindigkeitsdaten\u00fcbertragung mit minimalem Signalverlust. Diese Kabel sind durch ihre orangefarbene OFNR-Ummantelung leicht zu erkennen und haben einen schlanken Au\u00dfendurchmesser von 2,0 mm, was sie bequem und praktisch f\u00fcr verschiedene Installationen macht.<\/p>\n","protected":false},"featured_media":0,"template":"","meta":{"site-sidebar-layout":"default","site-content-layout":"default","ast-site-content-layout":"default","site-content-style":"default","site-sidebar-style":"default","ast-global-header-display":"","ast-banner-title-visibility":"","ast-main-header-display":"","ast-hfb-above-header-display":"","ast-hfb-below-header-display":"","ast-hfb-mobile-header-display":"","site-post-title":"","ast-breadcrumbs-content":"","ast-featured-img":"","footer-sml-layout":"","ast-disable-related-posts":"","theme-transparent-header-meta":"default","adv-header-id-meta":"","stick-header-meta":"default","header-above-stick-meta":"","header-main-stick-meta":"","header-below-stick-meta":"","astra-migrate-meta-layouts":"set","ast-page-background-enabled":"default","ast-page-background-meta":{"desktop":{"background-color":"","background-image":"","background-repeat":"repeat","background-position":"center center","background-size":"auto","background-attachment":"scroll","background-type":"","background-media":"","overlay-type":"","overlay-color":"","overlay-opacity":"","overlay-gradient":""},"tablet":{"background-color":"","background-image":"","background-repeat":"repeat","background-position":"center center","background-size":"auto","background-attachment":"scroll","background-type":"","background-media":"","overlay-type":"","overlay-color":"","overlay-opacity":"","overlay-gradient":""},"mobile":{"background-color":"","background-image":"","background-repeat":"repeat","background-position":"center center","background-size":"auto","background-attachment":"scroll","background-type":"","background-media":"","overlay-type":"","overlay-color":"","overlay-opacity":"","overlay-gradient":""}},"ast-content-background-meta":{"desktop":{"background-color":"var(--ast-global-color-5)","background-image":"","background-repeat":"repeat","background-position":"center center","background-size":"auto","background-attachment":"scroll","background-type":"","background-media":"","overlay-type":"","overlay-color":"","overlay-opacity":"","overlay-gradient":""},"tablet":{"background-color":"var(--ast-global-color-5)","background-image":"","background-repeat":"repeat","background-position":"center center","background-size":"auto","background-attachment":"scroll","background-type":"","background-media":"","overlay-type":"","overlay-color":"","overlay-opacity":"","overlay-gradient":""},"mobile":{"background-color":"var(--ast-global-color-5)","background-image":"","background-repeat":"repeat","background-position":"center center","background-size":"auto","background-attachment":"scroll","background-type":"","background-media":"","overlay-type":"","overlay-color":"","overlay-opacity":"","overlay-gradient":""}}},"product_brand":[],"product_cat":[228,237,230],"product_tag":[],"class_list":{"0":"post-20922","1":"product","2":"type-product","3":"status-publish","5":"product_cat-fiber-patch-cord-de","6":"product_cat-lc-fiber-patch-cord-de","7":"product_cat-multimode-fiber-patch-cord-de","8":"desktop-align-left","9":"tablet-align-left","10":"mobile-align-left","11":"ast-product-gallery-layout-vertical","12":"ast-product-gallery-with-no-image","13":"ast-product-tabs-layout-vertical","14":"ast-qv-on-image","16":"first","17":"instock","18":"shipping-taxable","19":"product-type-simple"},"_links":{"self":[{"href":"https:\/\/www.bonelinks.com\/de\/wp-json\/wp\/v2\/product\/20922","targetHints":{"allow":["GET"]}}],"collection":[{"href":"https:\/\/www.bonelinks.com\/de\/wp-json\/wp\/v2\/product"}],"about":[{"href":"https:\/\/www.bonelinks.com\/de\/wp-json\/wp\/v2\/types\/product"}],"version-history":[{"count":3,"href":"https:\/\/www.bonelinks.com\/de\/wp-json\/wp\/v2\/product\/20922\/revisions"}],"predecessor-version":[{"id":24742,"href":"https:\/\/www.bonelinks.com\/de\/wp-json\/wp\/v2\/product\/20922\/revisions\/24742"}],"wp:attachment":[{"href":"https:\/\/www.bonelinks.com\/de\/wp-json\/wp\/v2\/media?parent=20922"}],"wp:term":[{"taxonomy":"product_brand","embeddable":true,"href":"https:\/\/www.bonelinks.com\/de\/wp-json\/wp\/v2\/product_brand?post=20922"},{"taxonomy":"product_cat","embeddable":true,"href":"https:\/\/www.bonelinks.com\/de\/wp-json\/wp\/v2\/product_cat?post=20922"},{"taxonomy":"product_tag","embeddable":true,"href":"https:\/\/www.bonelinks.com\/de\/wp-json\/wp\/v2\/product_tag?post=20922"}],"curies":[{"name":"wp","href":"https:\/\/api.w.org\/{rel}","templated":true}]}}