{"id":20921,"date":"2023-10-29T19:24:56","date_gmt":"2023-10-30T03:24:56","guid":{"rendered":"https:\/\/www.bonelinks.com\/product\/mtp-mpo-auf-mtp-mpo-12-strang-multifaser-patchkabel-om3-multimode-10gb\/"},"modified":"2024-02-02T01:02:59","modified_gmt":"2024-02-02T09:02:59","slug":"mtp-mpo-to-mtp-mpo-12-strand-multi-fiber-patch-cable-om3-multimode","status":"publish","type":"product","link":"https:\/\/www.bonelinks.com\/de\/product\/mtp-mpo-to-mtp-mpo-12-strand-multi-fiber-patch-cable-om3-multimode\/","title":{"rendered":"MTP\/MPO auf MTP\/MPO 12-Strang-Multifaser-Patchkabel OM3 Multimode 10Gb"},"content":{"rendered":"<h1 style=\"text-align: left; font-size: 18px;\"><strong>OM3 MTP\/MPO auf MTP\/MPO 12-Strang-Buchsen-Multifaser-Patchkabel 10G<\/strong><\/h1>\n<p>Dies ist ein 12-adriges Multifaser-Patchkabel mit OM3 MPO\/MTP auf MTP\/MPO-Steckern. Es ist OFNP Plenum Rated und verf\u00fcgt \u00fcber 10Gb Multimode 50\/125 Corning Glasfaserkerne\/M\u00e4ntel. Stecker 1 ist mit einer MTP-Buchse (ohne Stifte) mit Mehrfaser-Steckkontakt ausgestattet, w\u00e4hrend Stecker 2 ebenfalls eine MTP-Buchse (ohne Stifte) mit Mehrfaser-Steckkontakt verwendet, um eine zuverl\u00e4ssige Verbindung in kompakten, hochdichten Glasfaser-Patchkabel-Umgebungen zu gew\u00e4hrleisten. Jeder MPO\/MTP-Multifaserstecker besteht aus 12 50\/125-Glasfaserstr\u00e4ngen.<\/p>\n<h2 style=\"text-align: left; font-size: 18px;\"><strong>Polarit\u00e4tsmethode B f\u00fcr MTP\/MPO auf MTP\/MPO 12 Strang Multi-Fiber OM3 Patchkabel<\/strong><\/h2>\n<p>Dieses MTP\/MPO-Glasfaser-Patchkabel folgt der Polarit\u00e4tsmethode Typ B, der weit verbreiteten Konfiguration. Bei Methode B werden an beiden Enden Steckverbinder verwendet, die sicherstellen, dass die Faserposition 1 (Tx) an einem Ende mit der Position 12 (Rx) am anderen Ende \u00fcbereinstimmt, Position 2 (Rx) mit Position 11 (Tx) usw.<\/p>\n<p>Jedes Bonelinks Glasfaserkabel wird individuell getestet, und die Testergebnisse sind auf Anfrage erh\u00e4ltlich. Wir bieten eine lebenslange Garantie auf alle unsere Produkte.<\/p>\n<h2 style=\"text-align: left; font-size: 18px;\"><strong>Suchen Sie nach weiteren MTP\/MPO-Kabeln?<\/strong><\/h2>\n<p>M\u00f6chten Sie mehr Optionen f\u00fcr MTP\/MPO-Kabel? Entdecken Sie unsere Auswahl an <span style=\"color: #0054a6;\"><strong><a style=\"color: #0054a6;\" href=\"https:\/\/www.bonelinks.com\/de\/mpo-12-fiber-cable\/\" target=\"_blank\" rel=\"noopener\">12-faserigen MTP\/MPO-Kabeln <\/a><\/strong><\/span>und <a href=\"https:\/\/www.bonelinks.com\/de\/mpo-trunk-cable\/\" target=\"_blank\" rel=\"noopener\"><strong><span style=\"color: #0054a6;\">MPO-zu-MPO\/MTP-zu-MTP-Glasfaserkabeln<\/span><\/strong> <\/a>f\u00fcr eine nahtlose Vernetzung.<\/p>\n<p>Sind Sie auf der Suche nach ma\u00dfgeschneiderten und speziell angefertigten MPO-Patchkabeln? Entdecken Sie unseren speziellen Bereich \u00fcber<a href=\"https:\/\/www.bonelinks.com\/de\/custom-fiber-optic-cables\/\" target=\"_blank\" rel=\"noopener\"><span style=\"color: #0054a6;\"><strong> Kundenspezifische Glasfaserkabel <\/strong><\/span><\/a>f\u00fcr ma\u00dfgeschneiderte Konnektivit\u00e4tsl\u00f6sungen.<\/p>\n<ul>\n<li>Einzelhandel oder Gro\u00dfhandel &#8211; wir haben alles f\u00fcr Sie!<\/li>\n<li>Nicht sicher, was Sie kaufen sollen? Wir bieten fachkundige Beratung.<\/li>\n<li>Kleines MOQ: Sie brauchen nicht mehr zu kaufen, als Sie wollen.<\/li>\n<li>Konkurrenzf\u00e4hige Preise: Sie erhalten jedes Mal ein gutes Preis-Leistungs-Verh\u00e4ltnis.<\/li>\n<li>Prompte Lieferung: Ihre Geschwindigkeit, unsere Priorit\u00e4t.<\/li>\n<li>Kundenorientiert: Wir schneiden unsere Dienstleistungen auf Ihre Bed\u00fcrfnisse zu.<\/li>\n<\/ul>\n<p><strong>Verbinden Sie sich mit uns!<\/strong><br \/>\nEin Klick, und Sie k\u00f6nnen<a href=\"https:\/\/www.bonelinks.com\/de\/contact-us\/\" target=\"_blank\" rel=\"noopener\"><strong><span style=\"color: #0054a6;\"> mit uns chatten <\/span><\/strong><\/a>in Sekundenschnelle. Ihre Zufriedenheit ist unsere Priorit\u00e4t. Wir sind bereit, Sie in jeder Hinsicht zu unterst\u00fctzen. <strong>Keine Sorge, \u00fcberm\u00e4\u00dfiges Nachdenken ist nicht erforderlich. Wir sind hier und bereit, Ihnen zu helfen.<\/strong><\/p>\n","protected":false},"excerpt":{"rendered":"<p>MTP\/MPO auf MTP\/MPO 12-str\u00e4ngiges OM3-Multifaser-Patchkabel mit MTP-auf-MTP-Buchsen (ohne Stifte). Es verwendet OFNP Multimode 50\/125 10Gb Corning Faserkerne mit 125 Mikron Mantel und enth\u00e4lt 12 OM3 Multimode Faserstr\u00e4nge. Das Kabel ist an beiden Enden mit MPO-12-Fasersteckern ausgestattet, was es zu einem optischen Patchkabel mit hoher Dichte macht, das 12 laseroptimierte Multimode-Fasern (LOMMF) mit 10 Gb Nennleistung verwendet.<\/p>\n","protected":false},"featured_media":17911,"template":"","meta":{"site-sidebar-layout":"default","site-content-layout":"default","ast-site-content-layout":"default","site-content-style":"default","site-sidebar-style":"default","ast-global-header-display":"","ast-banner-title-visibility":"","ast-main-header-display":"","ast-hfb-above-header-display":"","ast-hfb-below-header-display":"","ast-hfb-mobile-header-display":"","site-post-title":"","ast-breadcrumbs-content":"","ast-featured-img":"","footer-sml-layout":"","ast-disable-related-posts":"","theme-transparent-header-meta":"default","adv-header-id-meta":"","stick-header-meta":"default","header-above-stick-meta":"","header-main-stick-meta":"","header-below-stick-meta":"","astra-migrate-meta-layouts":"set","ast-page-background-enabled":"default","ast-page-background-meta":{"desktop":{"background-color":"","background-image":"","background-repeat":"repeat","background-position":"center center","background-size":"auto","background-attachment":"scroll","background-type":"","background-media":"","overlay-type":"","overlay-color":"","overlay-opacity":"","overlay-gradient":""},"tablet":{"background-color":"","background-image":"","background-repeat":"repeat","background-position":"center center","background-size":"auto","background-attachment":"scroll","background-type":"","background-media":"","overlay-type":"","overlay-color":"","overlay-opacity":"","overlay-gradient":""},"mobile":{"background-color":"","background-image":"","background-repeat":"repeat","background-position":"center center","background-size":"auto","background-attachment":"scroll","background-type":"","background-media":"","overlay-type":"","overlay-color":"","overlay-opacity":"","overlay-gradient":""}},"ast-content-background-meta":{"desktop":{"background-color":"var(--ast-global-color-5)","background-image":"","background-repeat":"repeat","background-position":"center center","background-size":"auto","background-attachment":"scroll","background-type":"","background-media":"","overlay-type":"","overlay-color":"","overlay-opacity":"","overlay-gradient":""},"tablet":{"background-color":"var(--ast-global-color-5)","background-image":"","background-repeat":"repeat","background-position":"center center","background-size":"auto","background-attachment":"scroll","background-type":"","background-media":"","overlay-type":"","overlay-color":"","overlay-opacity":"","overlay-gradient":""},"mobile":{"background-color":"var(--ast-global-color-5)","background-image":"","background-repeat":"repeat","background-position":"center center","background-size":"auto","background-attachment":"scroll","background-type":"","background-media":"","overlay-type":"","overlay-color":"","overlay-opacity":"","overlay-gradient":""}}},"product_brand":[],"product_cat":[228,262,230],"product_tag":[],"class_list":{"0":"post-20921","1":"product","2":"type-product","3":"status-publish","4":"has-post-thumbnail","6":"product_cat-fiber-patch-cord-de","7":"product_cat-mpo-patch-cord-de","8":"product_cat-multimode-fiber-patch-cord-de","9":"desktop-align-left","10":"tablet-align-left","11":"mobile-align-left","12":"ast-product-gallery-layout-vertical","13":"ast-product-gallery-with-no-image","14":"ast-product-tabs-layout-vertical","15":"ast-qv-on-image","17":"first","18":"instock","19":"shipping-taxable","20":"product-type-simple"},"_links":{"self":[{"href":"https:\/\/www.bonelinks.com\/de\/wp-json\/wp\/v2\/product\/20921","targetHints":{"allow":["GET"]}}],"collection":[{"href":"https:\/\/www.bonelinks.com\/de\/wp-json\/wp\/v2\/product"}],"about":[{"href":"https:\/\/www.bonelinks.com\/de\/wp-json\/wp\/v2\/types\/product"}],"version-history":[{"count":3,"href":"https:\/\/www.bonelinks.com\/de\/wp-json\/wp\/v2\/product\/20921\/revisions"}],"predecessor-version":[{"id":24743,"href":"https:\/\/www.bonelinks.com\/de\/wp-json\/wp\/v2\/product\/20921\/revisions\/24743"}],"wp:featuredmedia":[{"embeddable":true,"href":"https:\/\/www.bonelinks.com\/de\/wp-json\/wp\/v2\/media\/17911"}],"wp:attachment":[{"href":"https:\/\/www.bonelinks.com\/de\/wp-json\/wp\/v2\/media?parent=20921"}],"wp:term":[{"taxonomy":"product_brand","embeddable":true,"href":"https:\/\/www.bonelinks.com\/de\/wp-json\/wp\/v2\/product_brand?post=20921"},{"taxonomy":"product_cat","embeddable":true,"href":"https:\/\/www.bonelinks.com\/de\/wp-json\/wp\/v2\/product_cat?post=20921"},{"taxonomy":"product_tag","embeddable":true,"href":"https:\/\/www.bonelinks.com\/de\/wp-json\/wp\/v2\/product_tag?post=20921"}],"curies":[{"name":"wp","href":"https:\/\/api.w.org\/{rel}","templated":true}]}}