{"id":20903,"date":"2023-10-07T22:30:09","date_gmt":"2023-10-08T06:30:09","guid":{"rendered":"https:\/\/www.bonelinks.com\/product\/fc-pc-glasfaser-schnellverbinder\/"},"modified":"2024-02-02T01:08:54","modified_gmt":"2024-02-02T09:08:54","slug":"fc-pc-fiber-optic-fast-connector","status":"publish","type":"product","link":"https:\/\/www.bonelinks.com\/de\/product\/fc-pc-fiber-optic-fast-connector\/","title":{"rendered":"FC\/PC Glasfaser-Schnellverbinder"},"content":{"rendered":"<h2 style=\"text-align: left; font-size: 18px;\"><strong>FC PC-Steckverbinder Singlemode Vorpolierte Aderendh\u00fclse Feldschnelle Montage<\/strong><\/h2>\n<p>Der Fiber Optic Fast Connector wird f\u00fcr die Installation von Glasfasersteckern im Feld verwendet. Es wurde entwickelt, um qualitativ hochwertige und effiziente Installationen zu erm\u00f6glichen. Die einzigartige Struktur der Crimpposition macht das Kleben, Polieren oder zus\u00e4tzliche Verbrauchsmaterialien \u00fcberfl\u00fcssig. Er verf\u00fcgt \u00fcber eine vorinstallierte Faserstruktur, die eine bequeme und problemlose Installation vor Ort erm\u00f6glicht.<\/p>\n<h2 style=\"text-align: left; font-size: 18px;\"><strong>FC\/PC Fiber Optic Fast Connector Hauptmerkmale<\/strong><\/h2>\n<ul>\n<li>Schnelle und einfache Installation: Es dauert nur 30 Sekunden, um die Bedienung zu erlernen, und 90 Sekunden, um den Betrieb vor Ort abzuschlie\u00dfen.<\/li>\n<li>Kein Polieren oder Kleben erforderlich: Wird mit einer vorpolierten Keramikferrule mit eingebettetem Faserstumpf geliefert, so dass kein Polieren oder Kleben erforderlich ist.<\/li>\n<li>Pr\u00e4zise Faserausrichtung: Die Faserausrichtung wird durch die V-Nut in der Keramikferrule erreicht.<\/li>\n<li>Zuverl\u00e4ssige Anpassungsfl\u00fcssigkeit: Geringfl\u00fcchtige Anpassungsfl\u00fcssigkeit wird durch die seitliche Abdeckung sicher aufbewahrt.<\/li>\n<li>Glockenf\u00f6rmiger Stiefel: Der einzigartige glockenf\u00f6rmige Stiefel sorgt f\u00fcr einen minimalen Biegeradius der Fasern.<\/li>\n<li>Mechanische Pr\u00e4zisionsausrichtung: Garantiert geringe Einf\u00fcgungsd\u00e4mpfung f\u00fcr optimale Leistung.<\/li>\n<li>Vorinstalliert und bequem: Erm\u00f6glicht die Montage vor Ort, ohne dass die Stirnseiten geschliffen oder zus\u00e4tzliche \u00dcberlegungen angestellt werden m\u00fcssen.<\/li>\n<li>Leicht und einfach zu tragen f\u00fcr zus\u00e4tzlichen Komfort.<\/li>\n<li>PC (Physical Contact) erm\u00f6glichen den direkten Kontakt zwischen den Oberfl\u00e4chen von zwei angeschlossenen Fasern<\/li>\n<\/ul>\n<h2 style=\"text-align: left; font-size: 18px;\"><strong>FC\/PC Fiber Optic Fast Connector Anwendungen<\/strong><\/h2>\n<ul>\n<li>\u00d6ffnen von FTTH-Glasfaserendger\u00e4ten.<\/li>\n<li>Glasfaserverteiler, Patch Panels und ONUs (Optische Netzwerkeinheiten).<\/li>\n<li>In Geh\u00e4usen, Schr\u00e4nken und K\u00e4sten f\u00fcr die Verkabelung.<\/li>\n<li>Wartung oder Notfallwiederherstellung von Glasfasernetzen.<\/li>\n<li>Aufbau von Glasfaser-Endnutzerzug\u00e4ngen und Durchf\u00fchrung von Wartungsarbeiten.<\/li>\n<li>Glasfaserzugang f\u00fcr mobile Basisstationen.<\/li>\n<li>Feldabschluss von FTTH Drop Cables.<\/li>\n<li>Notreparaturen von Glasfaserstrecken.<\/li>\n<li>Geeignet f\u00fcr FTTH, LAN und andere faseroptische Systeme.<\/li>\n<\/ul>\n<h2 style=\"text-align: left; font-size: 18px;\"><strong>Montage des FC Fast Connector<\/strong><\/h2>\n<p><img fetchpriority=\"high\" decoding=\"async\" class=\"alignnone size-full wp-image-9115\" src=\"https:\/\/www.bonelinks.com\/wp-content\/uploads\/2023\/10\/How-to-Assembly-FC-fast-connector-1.jpg\" alt=\"Montage eines schnellen FC-Steckers\" width=\"639\" height=\"171\" srcset=\"https:\/\/www.bonelinks.com\/wp-content\/uploads\/2023\/10\/How-to-Assembly-FC-fast-connector-1.jpg 639w, https:\/\/www.bonelinks.com\/wp-content\/uploads\/2023\/10\/How-to-Assembly-FC-fast-connector-1-300x80.jpg 300w\" sizes=\"(max-width: 639px) 100vw, 639px\" \/> <img decoding=\"async\" class=\"alignnone size-full wp-image-9116\" src=\"https:\/\/www.bonelinks.com\/wp-content\/uploads\/2023\/10\/How-to-Assembly-FC-fast-connector-2.jpg\" alt=\"Montage eines schnellen FC-Steckers\" width=\"645\" height=\"246\" srcset=\"https:\/\/www.bonelinks.com\/wp-content\/uploads\/2023\/10\/How-to-Assembly-FC-fast-connector-2.jpg 645w, https:\/\/www.bonelinks.com\/wp-content\/uploads\/2023\/10\/How-to-Assembly-FC-fast-connector-2-300x114.jpg 300w\" sizes=\"(max-width: 645px) 100vw, 645px\" \/> <img decoding=\"async\" class=\"alignnone size-full wp-image-9117\" src=\"https:\/\/www.bonelinks.com\/wp-content\/uploads\/2023\/10\/How-to-Assembly-FC-fast-connector-3.jpg\" alt=\"Montage eines schnellen FC-Steckers\" width=\"580\" height=\"216\" srcset=\"https:\/\/www.bonelinks.com\/wp-content\/uploads\/2023\/10\/How-to-Assembly-FC-fast-connector-3.jpg 580w, https:\/\/www.bonelinks.com\/wp-content\/uploads\/2023\/10\/How-to-Assembly-FC-fast-connector-3-300x112.jpg 300w\" sizes=\"(max-width: 580px) 100vw, 580px\" \/> <img loading=\"lazy\" decoding=\"async\" class=\"alignnone size-full wp-image-9118\" src=\"https:\/\/www.bonelinks.com\/wp-content\/uploads\/2023\/10\/How-to-Assembly-FC-fast-connector-4.jpg\" alt=\"Montage eines schnellen FC-Steckers\" width=\"580\" height=\"236\" srcset=\"https:\/\/www.bonelinks.com\/wp-content\/uploads\/2023\/10\/How-to-Assembly-FC-fast-connector-4.jpg 580w, https:\/\/www.bonelinks.com\/wp-content\/uploads\/2023\/10\/How-to-Assembly-FC-fast-connector-4-300x122.jpg 300w\" sizes=\"(max-width: 580px) 100vw, 580px\" \/> <img loading=\"lazy\" decoding=\"async\" class=\"alignnone size-full wp-image-9119\" src=\"https:\/\/www.bonelinks.com\/wp-content\/uploads\/2023\/10\/How-to-Assembly-FC-fast-connector-5.jpg\" alt=\"Montage eines schnellen FC-Steckers\" width=\"575\" height=\"243\" srcset=\"https:\/\/www.bonelinks.com\/wp-content\/uploads\/2023\/10\/How-to-Assembly-FC-fast-connector-5.jpg 575w, https:\/\/www.bonelinks.com\/wp-content\/uploads\/2023\/10\/How-to-Assembly-FC-fast-connector-5-300x127.jpg 300w\" sizes=\"(max-width: 575px) 100vw, 575px\" \/> <img loading=\"lazy\" decoding=\"async\" class=\"alignnone size-full wp-image-9120\" src=\"https:\/\/www.bonelinks.com\/wp-content\/uploads\/2023\/10\/How-to-Assembly-FC-fast-connector-6.jpg\" alt=\"Montage eines schnellen FC-Steckers\" width=\"594\" height=\"244\" srcset=\"https:\/\/www.bonelinks.com\/wp-content\/uploads\/2023\/10\/How-to-Assembly-FC-fast-connector-6.jpg 594w, https:\/\/www.bonelinks.com\/wp-content\/uploads\/2023\/10\/How-to-Assembly-FC-fast-connector-6-300x123.jpg 300w\" sizes=\"(max-width: 594px) 100vw, 594px\" \/><\/p>\n<h2 style=\"text-align: left; font-size: 18px;\"><strong>Suchen Sie nach weiteren L\u00f6sungen f\u00fcr FC-Fasersteckverbinder?<\/strong><\/h2>\n<p>Sind Sie auf der Suche nach einer gr\u00f6\u00dferen Auswahl an FC Fiber Steckverbindern? Sehen Sie sich unser<a href=\"https:\/\/www.bonelinks.com\/de\/product\/horizontal-fiber-optic-splice-closure\/\" target=\"_blank\" rel=\"noopener\"><strong><span style=\"color: #0054a6;\"> Patchkabel mit FC-Fasersteckern, <\/span><\/strong><\/a>oder mehr<a href=\"https:\/\/www.bonelinks.com\/de\/product\/fc-fiber-optic-connector\/\" target=\"_blank\" rel=\"noopener\"><strong><span style=\"color: #0054a6;\"> FC-Glasfaser-Steckverbinder <\/span><\/strong><\/a>f\u00fcr eine nahtlose Vernetzung.<\/p>\n","protected":false},"excerpt":{"rendered":"<p>Unser FC\/PC Fiber Optic Fast Connector ist vor Ort installierbar und benutzerfreundlich. Es ist bekannt f\u00fcr seine hohe Qualit\u00e4t, Erschwinglichkeit und Kundenzufriedenheit.<\/p>\n<ul>\n<li>Druckschwei\u00dfkomponenten weisen ein neuartiges strukturelles Design auf, das Injektions-, Schleif- oder zus\u00e4tzliche Materialien bei der Installation \u00fcberfl\u00fcssig macht.<\/li>\n<li>Enth\u00e4lt eine eingebettete optische Faserstruktur f\u00fcr verbesserte Leistung.<\/li>\n<li>Wiederverwendbar, was den Einsatz vor Ort vereinfacht.<\/li>\n<li>Zugentlastungsmanschette f\u00fcr \u00d83,0 mm oder \u00d8900 \u00b5m Schl\u00e4uche und Anschlusskappe im Lieferumfang enthalten.<\/li>\n<\/ul>\n","protected":false},"featured_media":19661,"template":"","meta":{"site-sidebar-layout":"default","site-content-layout":"default","ast-site-content-layout":"default","site-content-style":"default","site-sidebar-style":"default","ast-global-header-display":"","ast-banner-title-visibility":"","ast-main-header-display":"","ast-hfb-above-header-display":"","ast-hfb-below-header-display":"","ast-hfb-mobile-header-display":"","site-post-title":"","ast-breadcrumbs-content":"","ast-featured-img":"","footer-sml-layout":"","ast-disable-related-posts":"","theme-transparent-header-meta":"default","adv-header-id-meta":"","stick-header-meta":"default","header-above-stick-meta":"","header-main-stick-meta":"","header-below-stick-meta":"","astra-migrate-meta-layouts":"set","ast-page-background-enabled":"default","ast-page-background-meta":{"desktop":{"background-color":"","background-image":"","background-repeat":"repeat","background-position":"center center","background-size":"auto","background-attachment":"scroll","background-type":"","background-media":"","overlay-type":"","overlay-color":"","overlay-opacity":"","overlay-gradient":""},"tablet":{"background-color":"","background-image":"","background-repeat":"repeat","background-position":"center center","background-size":"auto","background-attachment":"scroll","background-type":"","background-media":"","overlay-type":"","overlay-color":"","overlay-opacity":"","overlay-gradient":""},"mobile":{"background-color":"","background-image":"","background-repeat":"repeat","background-position":"center center","background-size":"auto","background-attachment":"scroll","background-type":"","background-media":"","overlay-type":"","overlay-color":"","overlay-opacity":"","overlay-gradient":""}},"ast-content-background-meta":{"desktop":{"background-color":"var(--ast-global-color-5)","background-image":"","background-repeat":"repeat","background-position":"center center","background-size":"auto","background-attachment":"scroll","background-type":"","background-media":"","overlay-type":"","overlay-color":"","overlay-opacity":"","overlay-gradient":""},"tablet":{"background-color":"var(--ast-global-color-5)","background-image":"","background-repeat":"repeat","background-position":"center center","background-size":"auto","background-attachment":"scroll","background-type":"","background-media":"","overlay-type":"","overlay-color":"","overlay-opacity":"","overlay-gradient":""},"mobile":{"background-color":"var(--ast-global-color-5)","background-image":"","background-repeat":"repeat","background-position":"center center","background-size":"auto","background-attachment":"scroll","background-type":"","background-media":"","overlay-type":"","overlay-color":"","overlay-opacity":"","overlay-gradient":""}}},"product_brand":[],"product_cat":[256],"product_tag":[],"class_list":{"0":"post-20903","1":"product","2":"type-product","3":"status-publish","4":"has-post-thumbnail","6":"product_cat-fiber-optic-accessory-de","7":"desktop-align-left","8":"tablet-align-left","9":"mobile-align-left","10":"ast-product-gallery-layout-vertical","11":"ast-product-gallery-with-no-image","12":"ast-product-tabs-layout-vertical","13":"ast-qv-on-image","15":"first","16":"instock","17":"shipping-taxable","18":"product-type-simple"},"_links":{"self":[{"href":"https:\/\/www.bonelinks.com\/de\/wp-json\/wp\/v2\/product\/20903","targetHints":{"allow":["GET"]}}],"collection":[{"href":"https:\/\/www.bonelinks.com\/de\/wp-json\/wp\/v2\/product"}],"about":[{"href":"https:\/\/www.bonelinks.com\/de\/wp-json\/wp\/v2\/types\/product"}],"version-history":[{"count":3,"href":"https:\/\/www.bonelinks.com\/de\/wp-json\/wp\/v2\/product\/20903\/revisions"}],"predecessor-version":[{"id":24752,"href":"https:\/\/www.bonelinks.com\/de\/wp-json\/wp\/v2\/product\/20903\/revisions\/24752"}],"wp:featuredmedia":[{"embeddable":true,"href":"https:\/\/www.bonelinks.com\/de\/wp-json\/wp\/v2\/media\/19661"}],"wp:attachment":[{"href":"https:\/\/www.bonelinks.com\/de\/wp-json\/wp\/v2\/media?parent=20903"}],"wp:term":[{"taxonomy":"product_brand","embeddable":true,"href":"https:\/\/www.bonelinks.com\/de\/wp-json\/wp\/v2\/product_brand?post=20903"},{"taxonomy":"product_cat","embeddable":true,"href":"https:\/\/www.bonelinks.com\/de\/wp-json\/wp\/v2\/product_cat?post=20903"},{"taxonomy":"product_tag","embeddable":true,"href":"https:\/\/www.bonelinks.com\/de\/wp-json\/wp\/v2\/product_tag?post=20903"}],"curies":[{"name":"wp","href":"https:\/\/api.w.org\/{rel}","templated":true}]}}