{"id":20877,"date":"2023-11-02T20:57:09","date_gmt":"2023-11-03T04:57:09","guid":{"rendered":"https:\/\/www.bonelinks.com\/product\/fo-fiber-optic-lc-lc-singlemode-9-125-os2-fiber-patch-kabel-indoor-outdoor-duplex\/"},"modified":"2024-02-02T00:57:31","modified_gmt":"2024-02-02T08:57:31","slug":"fo-fiber-optic-lc-lc-singlemode-9-125-os2-fiber-patch-cable-indoor-outdoor-duplex","status":"publish","type":"product","link":"https:\/\/www.bonelinks.com\/de\/product\/fo-fiber-optic-lc-lc-singlemode-9-125-os2-fiber-patch-cable-indoor-outdoor-duplex\/","title":{"rendered":"FO Fiber Optic LC LC Singlemode 9\/125 OS2 Fiber Patch Kabel Indoor Outdoor Duplex"},"content":{"rendered":"<p><strong>Suchen Sie nach mehr Auswahl an Glasfaser-Patchkabeln?<\/strong><br \/>\nSuchen Sie nach einer gr\u00f6\u00dferen Auswahl an Glasfaser-Patchkabeln? Sehen Sie sich unser <span style=\"color: #0054a6;\"><strong><a style=\"color: #0054a6;\" href=\"https:\/\/www.bonelinks.com\/de\/lc-fibre-patch-leads\/\" target=\"_blank\" rel=\"noopener\">LC-Faser-Patchkabel, <\/a><a style=\"color: #0054a6;\" href=\"https:\/\/www.bonelinks.com\/de\/lc-to-lc-fiber-patch-cable\/\" target=\"_blank\" rel=\"noopener\">LC-LC-Faser-Patchkabel <\/a><\/strong><\/span>und <strong><span style=\"color: #0054a6;\"><a style=\"color: #0054a6;\" href=\"https:\/\/www.bonelinks.com\/de\/products\/single-mode-fiber-patch-cord-de\/\" target=\"_blank\" rel=\"noopener\">Single-Mode-Faser-Patchkabel <\/a><\/span><\/strong>f\u00fcr eine reibungslose Vernetzung.<\/p>\n<p>Wenn Sie nicht genau das Kabel finden, das Sie suchen, k\u00f6nnen Sie ganz einfach Ihr <strong><a href=\"https:\/\/www.bonelinks.com\/de\/custom-fiber-optic-cables\/\" target=\"_blank\" rel=\"noopener\">eigenes Glasfaserkabel<\/a> <\/strong>erstellen <strong>. <\/strong>Sie haben die Flexibilit\u00e4t, den Kabeltyp, die L\u00e4nge, die Stecker, die Modalit\u00e4t, die Anzahl der Litzen und die Art der Ummantelung auszuw\u00e4hlen, und wir werden es nach Ihren Vorgaben herstellen.<\/p>\n<p>Seien Sie versichert, dass unsere Preise wettbewerbsf\u00e4hig sind und dass wir anpassungsf\u00e4hige Mindestbestellmengen (MOQ) haben.<\/p>\n<p>Wenn Sie weitere Hilfe ben\u00f6tigen, k\u00f6nnen Sie sich auch gerne an uns wenden. Unser Support-Team wird Sie dabei unterst\u00fctzen, die perfekte Glasfaserkabell\u00f6sung f\u00fcr Ihre Anforderungen zu finden.<\/p>\n","protected":false},"excerpt":{"rendered":"<p>FO Fiber Optic LC LC Singlemode 9\/125 OS2 Fiber Patch Cable &#8211; Diese Kabel sind sowohl f\u00fcr den Innen- als auch f\u00fcr den Au\u00dfeneinsatz geeignet und bieten eine hervorragende Leistung. Es handelt sich um Duplex-Single-Mode-Glasfaserkabel mit einem 9\/125\u03bcm Corning-Kern\/Mantel, die eine zuverl\u00e4ssige Daten\u00fcbertragung erm\u00f6glichen. Ihr robustes, dicht gepuffertes Design in Schwarz garantiert Langlebigkeit und Widerstandsf\u00e4higkeit. Diese Kabel sind wasser- und UV-best\u00e4ndig und damit ideal f\u00fcr eine Vielzahl von Umgebungen. Sie unterst\u00fctzen zuverl\u00e4ssig Datengeschwindigkeiten von 1\/10\/40\/100 Gigabit und sind mit LC-Steckern mit 1,25 mm SFF-Keramikferrulen vorkonfektioniert. Au\u00dferdem sind 18 Zoll 2,0-mm-Breakout-Furcation-Schl\u00e4uche in Orange und Blau f\u00fcr zus\u00e4tzlichen Schutz und Organisation enthalten.<\/p>\n","protected":false},"featured_media":0,"template":"","meta":{"site-sidebar-layout":"default","site-content-layout":"default","ast-site-content-layout":"default","site-content-style":"default","site-sidebar-style":"default","ast-global-header-display":"","ast-banner-title-visibility":"","ast-main-header-display":"","ast-hfb-above-header-display":"","ast-hfb-below-header-display":"","ast-hfb-mobile-header-display":"","site-post-title":"","ast-breadcrumbs-content":"","ast-featured-img":"","footer-sml-layout":"","ast-disable-related-posts":"","theme-transparent-header-meta":"default","adv-header-id-meta":"","stick-header-meta":"default","header-above-stick-meta":"","header-main-stick-meta":"","header-below-stick-meta":"","astra-migrate-meta-layouts":"set","ast-page-background-enabled":"default","ast-page-background-meta":{"desktop":{"background-color":"","background-image":"","background-repeat":"repeat","background-position":"center center","background-size":"auto","background-attachment":"scroll","background-type":"","background-media":"","overlay-type":"","overlay-color":"","overlay-opacity":"","overlay-gradient":""},"tablet":{"background-color":"","background-image":"","background-repeat":"repeat","background-position":"center center","background-size":"auto","background-attachment":"scroll","background-type":"","background-media":"","overlay-type":"","overlay-color":"","overlay-opacity":"","overlay-gradient":""},"mobile":{"background-color":"","background-image":"","background-repeat":"repeat","background-position":"center center","background-size":"auto","background-attachment":"scroll","background-type":"","background-media":"","overlay-type":"","overlay-color":"","overlay-opacity":"","overlay-gradient":""}},"ast-content-background-meta":{"desktop":{"background-color":"var(--ast-global-color-5)","background-image":"","background-repeat":"repeat","background-position":"center center","background-size":"auto","background-attachment":"scroll","background-type":"","background-media":"","overlay-type":"","overlay-color":"","overlay-opacity":"","overlay-gradient":""},"tablet":{"background-color":"var(--ast-global-color-5)","background-image":"","background-repeat":"repeat","background-position":"center center","background-size":"auto","background-attachment":"scroll","background-type":"","background-media":"","overlay-type":"","overlay-color":"","overlay-opacity":"","overlay-gradient":""},"mobile":{"background-color":"var(--ast-global-color-5)","background-image":"","background-repeat":"repeat","background-position":"center center","background-size":"auto","background-attachment":"scroll","background-type":"","background-media":"","overlay-type":"","overlay-color":"","overlay-opacity":"","overlay-gradient":""}}},"product_brand":[],"product_cat":[228,237,239],"product_tag":[],"class_list":{"0":"post-20877","1":"product","2":"type-product","3":"status-publish","5":"product_cat-fiber-patch-cord-de","6":"product_cat-lc-fiber-patch-cord-de","7":"product_cat-single-mode-fiber-patch-cord-de","8":"desktop-align-left","9":"tablet-align-left","10":"mobile-align-left","11":"ast-product-gallery-layout-vertical","12":"ast-product-gallery-with-no-image","13":"ast-product-tabs-layout-vertical","14":"ast-qv-on-image","16":"first","17":"instock","18":"shipping-taxable","19":"product-type-simple"},"_links":{"self":[{"href":"https:\/\/www.bonelinks.com\/de\/wp-json\/wp\/v2\/product\/20877","targetHints":{"allow":["GET"]}}],"collection":[{"href":"https:\/\/www.bonelinks.com\/de\/wp-json\/wp\/v2\/product"}],"about":[{"href":"https:\/\/www.bonelinks.com\/de\/wp-json\/wp\/v2\/types\/product"}],"version-history":[{"count":3,"href":"https:\/\/www.bonelinks.com\/de\/wp-json\/wp\/v2\/product\/20877\/revisions"}],"predecessor-version":[{"id":24736,"href":"https:\/\/www.bonelinks.com\/de\/wp-json\/wp\/v2\/product\/20877\/revisions\/24736"}],"wp:attachment":[{"href":"https:\/\/www.bonelinks.com\/de\/wp-json\/wp\/v2\/media?parent=20877"}],"wp:term":[{"taxonomy":"product_brand","embeddable":true,"href":"https:\/\/www.bonelinks.com\/de\/wp-json\/wp\/v2\/product_brand?post=20877"},{"taxonomy":"product_cat","embeddable":true,"href":"https:\/\/www.bonelinks.com\/de\/wp-json\/wp\/v2\/product_cat?post=20877"},{"taxonomy":"product_tag","embeddable":true,"href":"https:\/\/www.bonelinks.com\/de\/wp-json\/wp\/v2\/product_tag?post=20877"}],"curies":[{"name":"wp","href":"https:\/\/api.w.org\/{rel}","templated":true}]}}