{"id":20874,"date":"2024-01-17T18:07:31","date_gmt":"2024-01-18T02:07:31","guid":{"rendered":"https:\/\/www.bonelinks.com\/product\/mdu-drop-glasfaserkabel\/"},"modified":"2024-02-02T00:53:35","modified_gmt":"2024-02-02T08:53:35","slug":"mdu-drop-fiber-optic-cable","status":"publish","type":"product","link":"https:\/\/www.bonelinks.com\/de\/product\/mdu-drop-fiber-optic-cable\/","title":{"rendered":"MDU Drop Glasfaserkabel"},"content":{"rendered":"<h2 style=\"text-align: left; font-size: 18px;\"><strong>Eigenschaften von MDU Drop Glasfaserkabeln<\/strong><\/h2>\n<ul>\n<li>Leichtes und robustes Design: Diese f\u00fcr FTTx-Umgebungen konzipierten Kabel sind sowohl leicht als auch robust und gew\u00e4hrleisten eine optimale Leistung.<\/li>\n<li>Vielf\u00e4ltige Farben des Au\u00dfenmantels: Erh\u00e4ltlich in den Au\u00dfenmantelfarben Schwarz und Wei\u00df, was eine flexible Anpassung an verschiedene Installations\u00e4sthetiken erm\u00f6glicht.<\/li>\n<li>UV-best\u00e4ndiger und pilzhemmender Au\u00dfenmantel: Der Au\u00dfenmantel ist UV-best\u00e4ndig und mit Anti-Pilz-Eigenschaften ausgestattet, was die Haltbarkeit und Langlebigkeit unter verschiedenen Umweltbedingungen erh\u00f6ht.<\/li>\n<li>Wasserabweisende Aramid-Garne: Der Kern ist mit wasserabweisenden Aramidgarnen verst\u00e4rkt, die das Netz zus\u00e4tzlich vor Feuchtigkeit und \u00e4u\u00dferen Einfl\u00fcssen sch\u00fctzen.<\/li>\n<\/ul>\n<h2 style=\"text-align: left; font-size: 18px;\"><strong>Anmeldung<\/strong><\/h2>\n<p>Perfekt f\u00fcr Wohn- und Gesch\u00e4ftsr\u00e4ume. Verbessern Sie die Konnektivit\u00e4t in MDUs mit Fiber to the Home (FTTH).<\/p>\n<h2 style=\"text-align: left; font-size: 18px;\"><strong>Suchen Sie nach weiteren Optionen f\u00fcr Glasfaserkabel?<\/strong><\/h2>\n<p>Sind Sie auf der Suche nach einer gr\u00f6\u00dferen Auswahl an Glasfaserkabeln? Sehen Sie sich unser<a href=\"https:\/\/www.bonelinks.com\/de\/ftth-drop-cable\/\" target=\"_blank\" rel=\"noopener\"><strong><span style=\"color: #0054a6;\"> Glasfaser-Drop-Kabel <\/span><\/strong><\/a>f\u00fcr eine nahtlose Vernetzung. Wenn Sie Glasfaserkabel ben\u00f6tigen, die f\u00fcr Ihre speziellen Anforderungen ma\u00dfgeschneidert sind, werfen Sie einen Blick auf unsere<a href=\"https:\/\/www.bonelinks.com\/de\/custom-fiber-optic-cables\/\" target=\"_blank\" rel=\"noopener\"><strong><span style=\"color: #0054a6;\"> Kundenspezifische Glasfaserkabel <\/span><\/strong><\/a>f\u00fcr individuelle Konnektivit\u00e4tsl\u00f6sungen.<\/p>\n","protected":false},"excerpt":{"rendered":"<p>Wir stellen das MDU Drop Glasfaserkabel vor &#8211; Ihre ultimative L\u00f6sung f\u00fcr Mehrfamilienh\u00e4user (MDUs). Unsere farbcodierten Kabel f\u00fcr den Innen- und Au\u00dfenbereich sind f\u00fcr eine nahtlose Glasfaserinstallation ma\u00dfgeschneidert. Mit speziellen Kabelkonfektionen und Steigleitungen sorgen wir f\u00fcr effizientes Kabelmanagement und erstklassige Konnektivit\u00e4t. Verbessern Sie Ihre MDU-Projekte mit Fiber to the Home excellence &#8211; MDU Drop Cables, die Ihre Einheiten mit Pr\u00e4zision und Zuverl\u00e4ssigkeit verbinden.<\/p>\n","protected":false},"featured_media":15521,"template":"","meta":{"site-sidebar-layout":"default","site-content-layout":"","ast-site-content-layout":"default","site-content-style":"default","site-sidebar-style":"default","ast-global-header-display":"","ast-banner-title-visibility":"","ast-main-header-display":"","ast-hfb-above-header-display":"","ast-hfb-below-header-display":"","ast-hfb-mobile-header-display":"","site-post-title":"","ast-breadcrumbs-content":"","ast-featured-img":"","footer-sml-layout":"","ast-disable-related-posts":"","theme-transparent-header-meta":"default","adv-header-id-meta":"","stick-header-meta":"default","header-above-stick-meta":"","header-main-stick-meta":"","header-below-stick-meta":"","astra-migrate-meta-layouts":"set","ast-page-background-enabled":"default","ast-page-background-meta":{"desktop":{"background-color":"","background-image":"","background-repeat":"repeat","background-position":"center center","background-size":"auto","background-attachment":"scroll","background-type":"","background-media":"","overlay-type":"","overlay-color":"","overlay-opacity":"","overlay-gradient":""},"tablet":{"background-color":"","background-image":"","background-repeat":"repeat","background-position":"center center","background-size":"auto","background-attachment":"scroll","background-type":"","background-media":"","overlay-type":"","overlay-color":"","overlay-opacity":"","overlay-gradient":""},"mobile":{"background-color":"","background-image":"","background-repeat":"repeat","background-position":"center center","background-size":"auto","background-attachment":"scroll","background-type":"","background-media":"","overlay-type":"","overlay-color":"","overlay-opacity":"","overlay-gradient":""}},"ast-content-background-meta":{"desktop":{"background-color":"var(--ast-global-color-5)","background-image":"","background-repeat":"repeat","background-position":"center center","background-size":"auto","background-attachment":"scroll","background-type":"","background-media":"","overlay-type":"","overlay-color":"","overlay-opacity":"","overlay-gradient":""},"tablet":{"background-color":"var(--ast-global-color-5)","background-image":"","background-repeat":"repeat","background-position":"center center","background-size":"auto","background-attachment":"scroll","background-type":"","background-media":"","overlay-type":"","overlay-color":"","overlay-opacity":"","overlay-gradient":""},"mobile":{"background-color":"var(--ast-global-color-5)","background-image":"","background-repeat":"repeat","background-position":"center center","background-size":"auto","background-attachment":"scroll","background-type":"","background-media":"","overlay-type":"","overlay-color":"","overlay-opacity":"","overlay-gradient":""}}},"product_brand":[],"product_cat":[234,235],"product_tag":[],"class_list":{"0":"post-20874","1":"product","2":"type-product","3":"status-publish","4":"has-post-thumbnail","6":"product_cat-ftth-cable-de","7":"product_cat-indoor-fiber-optic-cable-de","8":"desktop-align-left","9":"tablet-align-left","10":"mobile-align-left","11":"ast-product-gallery-layout-vertical","12":"ast-product-gallery-with-no-image","13":"ast-product-tabs-layout-vertical","14":"ast-qv-on-image","16":"first","17":"instock","18":"shipping-taxable","19":"product-type-simple"},"_links":{"self":[{"href":"https:\/\/www.bonelinks.com\/de\/wp-json\/wp\/v2\/product\/20874","targetHints":{"allow":["GET"]}}],"collection":[{"href":"https:\/\/www.bonelinks.com\/de\/wp-json\/wp\/v2\/product"}],"about":[{"href":"https:\/\/www.bonelinks.com\/de\/wp-json\/wp\/v2\/types\/product"}],"version-history":[{"count":3,"href":"https:\/\/www.bonelinks.com\/de\/wp-json\/wp\/v2\/product\/20874\/revisions"}],"predecessor-version":[{"id":24732,"href":"https:\/\/www.bonelinks.com\/de\/wp-json\/wp\/v2\/product\/20874\/revisions\/24732"}],"wp:featuredmedia":[{"embeddable":true,"href":"https:\/\/www.bonelinks.com\/de\/wp-json\/wp\/v2\/media\/15521"}],"wp:attachment":[{"href":"https:\/\/www.bonelinks.com\/de\/wp-json\/wp\/v2\/media?parent=20874"}],"wp:term":[{"taxonomy":"product_brand","embeddable":true,"href":"https:\/\/www.bonelinks.com\/de\/wp-json\/wp\/v2\/product_brand?post=20874"},{"taxonomy":"product_cat","embeddable":true,"href":"https:\/\/www.bonelinks.com\/de\/wp-json\/wp\/v2\/product_cat?post=20874"},{"taxonomy":"product_tag","embeddable":true,"href":"https:\/\/www.bonelinks.com\/de\/wp-json\/wp\/v2\/product_tag?post=20874"}],"curies":[{"name":"wp","href":"https:\/\/api.w.org\/{rel}","templated":true}]}}