{"id":20869,"date":"2024-01-17T23:59:02","date_gmt":"2024-01-18T07:59:02","guid":{"rendered":"https:\/\/www.bonelinks.com\/product\/sc-apc-stecker-sm-simplex-faser-fuer-3-0mm-kabel\/"},"modified":"2024-02-02T00:50:02","modified_gmt":"2024-02-02T08:50:02","slug":"sc-apc-connector-sm-simplex-fiber-for-3mm-cable","status":"publish","type":"product","link":"https:\/\/www.bonelinks.com\/de\/product\/sc-apc-connector-sm-simplex-fiber-for-3mm-cable\/","title":{"rendered":"SC APC Stecker SM Simplex Faser f\u00fcr 3.0mm Kabel"},"content":{"rendered":"<h2 style=\"text-align: left; font-size: 18px;\"><strong>Eigenschaften<\/strong><\/h2>\n<ul>\n<li>SC\/APC-Stecker<\/li>\n<li>Singlemode-Faser<\/li>\n<li>Verwendung mit einem Faserdurchmesser von 3,0 mm<\/li>\n<li>IL: \u22640.3dB RL: \u226555dB<\/li>\n<\/ul>\n<h2 style=\"text-align: left; font-size: 18px;\"><strong>Anmeldung<\/strong><\/h2>\n<ul>\n<li>Faseranschluss<\/li>\n<li>Singlemode-Patchkabel<\/li>\n<li>Lokale Netzwerke<\/li>\n<li>FTTx<\/li>\n<\/ul>\n","protected":false},"excerpt":{"rendered":"<p>Der SC APC-Stecker ist f\u00fcr Singlemode-Glasfaseranwendungen vorgesehen, bei denen die Minimierung der R\u00fcckreflexion entscheidend ist. Sowohl der Steckerk\u00f6rper als auch das Geh\u00e4use sind gr\u00fcn, was die Identifizierung der APC-Verbindungen im Einsatz erleichtert. Dieser SC\/APC-Stecker ist speziell f\u00fcr die Verwendung mit Glasfaserkabeln mit 3,0 mm Au\u00dfendurchmesser konzipiert.<\/p>\n","protected":false},"featured_media":16781,"template":"","meta":{"site-sidebar-layout":"default","site-content-layout":"","ast-site-content-layout":"default","site-content-style":"default","site-sidebar-style":"default","ast-global-header-display":"","ast-banner-title-visibility":"","ast-main-header-display":"","ast-hfb-above-header-display":"","ast-hfb-below-header-display":"","ast-hfb-mobile-header-display":"","site-post-title":"","ast-breadcrumbs-content":"","ast-featured-img":"","footer-sml-layout":"","ast-disable-related-posts":"","theme-transparent-header-meta":"default","adv-header-id-meta":"","stick-header-meta":"default","header-above-stick-meta":"","header-main-stick-meta":"","header-below-stick-meta":"","astra-migrate-meta-layouts":"set","ast-page-background-enabled":"default","ast-page-background-meta":{"desktop":{"background-color":"","background-image":"","background-repeat":"repeat","background-position":"center center","background-size":"auto","background-attachment":"scroll","background-type":"","background-media":"","overlay-type":"","overlay-color":"","overlay-opacity":"","overlay-gradient":""},"tablet":{"background-color":"","background-image":"","background-repeat":"repeat","background-position":"center center","background-size":"auto","background-attachment":"scroll","background-type":"","background-media":"","overlay-type":"","overlay-color":"","overlay-opacity":"","overlay-gradient":""},"mobile":{"background-color":"","background-image":"","background-repeat":"repeat","background-position":"center center","background-size":"auto","background-attachment":"scroll","background-type":"","background-media":"","overlay-type":"","overlay-color":"","overlay-opacity":"","overlay-gradient":""}},"ast-content-background-meta":{"desktop":{"background-color":"var(--ast-global-color-5)","background-image":"","background-repeat":"repeat","background-position":"center center","background-size":"auto","background-attachment":"scroll","background-type":"","background-media":"","overlay-type":"","overlay-color":"","overlay-opacity":"","overlay-gradient":""},"tablet":{"background-color":"var(--ast-global-color-5)","background-image":"","background-repeat":"repeat","background-position":"center center","background-size":"auto","background-attachment":"scroll","background-type":"","background-media":"","overlay-type":"","overlay-color":"","overlay-opacity":"","overlay-gradient":""},"mobile":{"background-color":"var(--ast-global-color-5)","background-image":"","background-repeat":"repeat","background-position":"center center","background-size":"auto","background-attachment":"scroll","background-type":"","background-media":"","overlay-type":"","overlay-color":"","overlay-opacity":"","overlay-gradient":""}}},"product_brand":[],"product_cat":[233],"product_tag":[],"class_list":{"0":"post-20869","1":"product","2":"type-product","3":"status-publish","4":"has-post-thumbnail","6":"product_cat-fiber-optic-connectors-de","7":"desktop-align-left","8":"tablet-align-left","9":"mobile-align-left","10":"ast-product-gallery-layout-vertical","11":"ast-product-gallery-with-no-image","12":"ast-product-tabs-layout-vertical","13":"ast-qv-on-image","15":"first","16":"instock","17":"shipping-taxable","18":"product-type-simple"},"_links":{"self":[{"href":"https:\/\/www.bonelinks.com\/de\/wp-json\/wp\/v2\/product\/20869","targetHints":{"allow":["GET"]}}],"collection":[{"href":"https:\/\/www.bonelinks.com\/de\/wp-json\/wp\/v2\/product"}],"about":[{"href":"https:\/\/www.bonelinks.com\/de\/wp-json\/wp\/v2\/types\/product"}],"version-history":[{"count":1,"href":"https:\/\/www.bonelinks.com\/de\/wp-json\/wp\/v2\/product\/20869\/revisions"}],"predecessor-version":[{"id":24483,"href":"https:\/\/www.bonelinks.com\/de\/wp-json\/wp\/v2\/product\/20869\/revisions\/24483"}],"wp:featuredmedia":[{"embeddable":true,"href":"https:\/\/www.bonelinks.com\/de\/wp-json\/wp\/v2\/media\/16781"}],"wp:attachment":[{"href":"https:\/\/www.bonelinks.com\/de\/wp-json\/wp\/v2\/media?parent=20869"}],"wp:term":[{"taxonomy":"product_brand","embeddable":true,"href":"https:\/\/www.bonelinks.com\/de\/wp-json\/wp\/v2\/product_brand?post=20869"},{"taxonomy":"product_cat","embeddable":true,"href":"https:\/\/www.bonelinks.com\/de\/wp-json\/wp\/v2\/product_cat?post=20869"},{"taxonomy":"product_tag","embeddable":true,"href":"https:\/\/www.bonelinks.com\/de\/wp-json\/wp\/v2\/product_tag?post=20869"}],"curies":[{"name":"wp","href":"https:\/\/api.w.org\/{rel}","templated":true}]}}