{"id":20866,"date":"2023-11-02T19:50:27","date_gmt":"2023-11-03T03:50:27","guid":{"rendered":"https:\/\/www.bonelinks.com\/product\/mtrj-mtrj-orange-glasfaserkabel-om2-50-125-multimode-duplex\/"},"modified":"2024-02-02T00:57:38","modified_gmt":"2024-02-02T08:57:38","slug":"mtrj-mtrj-orange-fiber-optic-cable-om2-50-125-multimode-duplex","status":"publish","type":"product","link":"https:\/\/www.bonelinks.com\/de\/product\/mtrj-mtrj-orange-fiber-optic-cable-om2-50-125-multimode-duplex\/","title":{"rendered":"MTRJ MTRJ Orange Glasfaserkabel OM2 50\/125 Multimode Duplex"},"content":{"rendered":"<h1 style=\"text-align: left; font-size: 18px;\"><strong>OM2 MTRJ-MTRJ 50\/125 Multimode Duplex Orange LWL-Br\u00fcckenkabel<\/strong><\/h1>\n<p>Es handelt sich um pr\u00e4zisionsgefertigte MTRJ-Steckverbinder, die f\u00fcr den Einsatz in kompakten Umgebungen mit hoher Kabeldichte konzipiert sind. Das Kabel ist ein optisches 50\/125\u03bcm-Multimode-Patchkabel, ideal f\u00fcr die Erweiterung Ihres Glasfaser-Ethernet-Netzwerks. Es wird mit einem robusten, orangefarbenen PVC-Mantel mit einem Au\u00dfendurchmesser von 2,0 mm geliefert, der f\u00fcr OFNR-Steigleitungen geeignet ist. Diese Art von Kabeln wird in der Regel in vertikalen G\u00e4ngen, Sch\u00e4chten und R\u00e4umen zwischen den Stockwerken eines Geb\u00e4udes verlegt.<\/p>\n<p>Jedes bei Bonelinks bestellte Glasfaserkabel wird einer individuellen Pr\u00fcfung unterzogen, deren Ergebnisse wir Ihnen auf Anfrage gerne zur Verf\u00fcgung stellen. Au\u00dferdem bieten wir eine lebenslange Garantie auf alle unsere Produkte.<\/p>\n<p>Sie k\u00f6nnen eine Vielzahl von L\u00e4ngen f\u00fcr OM2 MTRJ zu MTRJ 50\/125 Multimode-Duplex-Glasfaserkabel finden, einschlie\u00dflich Optionen von 0,5 Metern bis 300 Metern, um sicherzustellen, dass Sie die Flexibilit\u00e4t haben, Ihre spezifischen Netzwerkanforderungen zu erf\u00fcllen.<\/p>\n","protected":false},"excerpt":{"rendered":"<p>MTRJ MTRJ Orange Glasfaserkabel mit einem 50\/125 Multimode Kern mit Corning Glasfaser. Das Kabel ist orange und wird mit robusten MTRJ-Steckern geliefert. Es handelt sich um ein leistungsstarkes, zip-cord-verst\u00e4rktes Multimode-Glasfaserkabel, bei dem Corning-Glasfasern verwendet werden, um eine schnelle und verlustarme Daten\u00fcbertragung zu gew\u00e4hrleisten. Dieses Kabel ist OFNR Riser Rated, hat ein orangefarbenes Design und verf\u00fcgt \u00fcber einen PVC-Mantel mit 2,0 mm Au\u00dfendurchmesser.<\/p>\n","protected":false},"featured_media":0,"template":"","meta":{"site-sidebar-layout":"default","site-content-layout":"default","ast-site-content-layout":"default","site-content-style":"default","site-sidebar-style":"default","ast-global-header-display":"","ast-banner-title-visibility":"","ast-main-header-display":"","ast-hfb-above-header-display":"","ast-hfb-below-header-display":"","ast-hfb-mobile-header-display":"","site-post-title":"","ast-breadcrumbs-content":"","ast-featured-img":"","footer-sml-layout":"","ast-disable-related-posts":"","theme-transparent-header-meta":"default","adv-header-id-meta":"","stick-header-meta":"default","header-above-stick-meta":"","header-main-stick-meta":"","header-below-stick-meta":"","astra-migrate-meta-layouts":"set","ast-page-background-enabled":"default","ast-page-background-meta":{"desktop":{"background-color":"","background-image":"","background-repeat":"repeat","background-position":"center center","background-size":"auto","background-attachment":"scroll","background-type":"","background-media":"","overlay-type":"","overlay-color":"","overlay-opacity":"","overlay-gradient":""},"tablet":{"background-color":"","background-image":"","background-repeat":"repeat","background-position":"center center","background-size":"auto","background-attachment":"scroll","background-type":"","background-media":"","overlay-type":"","overlay-color":"","overlay-opacity":"","overlay-gradient":""},"mobile":{"background-color":"","background-image":"","background-repeat":"repeat","background-position":"center center","background-size":"auto","background-attachment":"scroll","background-type":"","background-media":"","overlay-type":"","overlay-color":"","overlay-opacity":"","overlay-gradient":""}},"ast-content-background-meta":{"desktop":{"background-color":"var(--ast-global-color-5)","background-image":"","background-repeat":"repeat","background-position":"center center","background-size":"auto","background-attachment":"scroll","background-type":"","background-media":"","overlay-type":"","overlay-color":"","overlay-opacity":"","overlay-gradient":""},"tablet":{"background-color":"var(--ast-global-color-5)","background-image":"","background-repeat":"repeat","background-position":"center center","background-size":"auto","background-attachment":"scroll","background-type":"","background-media":"","overlay-type":"","overlay-color":"","overlay-opacity":"","overlay-gradient":""},"mobile":{"background-color":"var(--ast-global-color-5)","background-image":"","background-repeat":"repeat","background-position":"center center","background-size":"auto","background-attachment":"scroll","background-type":"","background-media":"","overlay-type":"","overlay-color":"","overlay-opacity":"","overlay-gradient":""}}},"product_brand":[],"product_cat":[228,230],"product_tag":[],"class_list":{"0":"post-20866","1":"product","2":"type-product","3":"status-publish","5":"product_cat-fiber-patch-cord-de","6":"product_cat-multimode-fiber-patch-cord-de","7":"desktop-align-left","8":"tablet-align-left","9":"mobile-align-left","10":"ast-product-gallery-layout-vertical","11":"ast-product-gallery-with-no-image","12":"ast-product-tabs-layout-vertical","13":"ast-qv-on-image","15":"first","16":"instock","17":"shipping-taxable","18":"product-type-simple"},"_links":{"self":[{"href":"https:\/\/www.bonelinks.com\/de\/wp-json\/wp\/v2\/product\/20866","targetHints":{"allow":["GET"]}}],"collection":[{"href":"https:\/\/www.bonelinks.com\/de\/wp-json\/wp\/v2\/product"}],"about":[{"href":"https:\/\/www.bonelinks.com\/de\/wp-json\/wp\/v2\/types\/product"}],"version-history":[{"count":1,"href":"https:\/\/www.bonelinks.com\/de\/wp-json\/wp\/v2\/product\/20866\/revisions"}],"predecessor-version":[{"id":24496,"href":"https:\/\/www.bonelinks.com\/de\/wp-json\/wp\/v2\/product\/20866\/revisions\/24496"}],"wp:attachment":[{"href":"https:\/\/www.bonelinks.com\/de\/wp-json\/wp\/v2\/media?parent=20866"}],"wp:term":[{"taxonomy":"product_brand","embeddable":true,"href":"https:\/\/www.bonelinks.com\/de\/wp-json\/wp\/v2\/product_brand?post=20866"},{"taxonomy":"product_cat","embeddable":true,"href":"https:\/\/www.bonelinks.com\/de\/wp-json\/wp\/v2\/product_cat?post=20866"},{"taxonomy":"product_tag","embeddable":true,"href":"https:\/\/www.bonelinks.com\/de\/wp-json\/wp\/v2\/product_tag?post=20866"}],"curies":[{"name":"wp","href":"https:\/\/api.w.org\/{rel}","templated":true}]}}