{"id":20785,"date":"2022-06-25T18:48:53","date_gmt":"2022-06-26T02:48:53","guid":{"rendered":"https:\/\/www.bonelinks.com\/garantie-und-richtlinien\/"},"modified":"2024-02-02T00:09:08","modified_gmt":"2024-02-02T08:09:08","slug":"warranty-policies","status":"publish","type":"page","link":"https:\/\/www.bonelinks.com\/de\/warranty-policies\/","title":{"rendered":"Garantie und Richtlinien"},"content":{"rendered":"\t\t<div data-elementor-type=\"wp-page\" data-elementor-id=\"20785\" class=\"elementor elementor-20785 elementor-1666\">\n\t\t\t\t\t\t<section class=\"elementor-section elementor-top-section elementor-element elementor-element-821ee90 elementor-section-height-min-height elementor-section-boxed elementor-section-height-default elementor-section-items-middle\" data-id=\"821ee90\" data-element_type=\"section\" data-e-type=\"section\" data-settings=\"{&quot;background_background&quot;:&quot;gradient&quot;,&quot;shape_divider_bottom&quot;:&quot;waves&quot;}\">\n\t\t\t\t\t\t\t<div class=\"elementor-background-overlay\"><\/div>\n\t\t\t\t\t\t<div class=\"elementor-shape elementor-shape-bottom\" aria-hidden=\"true\" data-negative=\"false\">\n\t\t\t<svg xmlns=\"http:\/\/www.w3.org\/2000\/svg\" viewBox=\"0 0 1000 100\" preserveAspectRatio=\"none\">\n\t<path class=\"elementor-shape-fill\" d=\"M421.9,6.5c22.6-2.5,51.5,0.4,75.5,5.3c23.6,4.9,70.9,23.5,100.5,35.7c75.8,32.2,133.7,44.5,192.6,49.7\n\tc23.6,2.1,48.7,3.5,103.4-2.5c54.7-6,106.2-25.6,106.2-25.6V0H0v30.3c0,0,72,32.6,158.4,30.5c39.2-0.7,92.8-6.7,134-22.4\n\tc21.2-8.1,52.2-18.2,79.7-24.2C399.3,7.9,411.6,7.5,421.9,6.5z\"\/>\n<\/svg>\t\t<\/div>\n\t\t\t\t\t<div class=\"elementor-container elementor-column-gap-default\">\n\t\t\t\t\t<div class=\"elementor-column elementor-col-100 elementor-top-column elementor-element elementor-element-e1174b6\" data-id=\"e1174b6\" data-element_type=\"column\" data-e-type=\"column\">\n\t\t\t<div class=\"elementor-widget-wrap elementor-element-populated\">\n\t\t\t\t\t\t<div class=\"elementor-element elementor-element-4a67db0 elementor-widget elementor-widget-heading\" data-id=\"4a67db0\" data-element_type=\"widget\" data-e-type=\"widget\" data-widget_type=\"heading.default\">\n\t\t\t\t<div class=\"elementor-widget-container\">\n\t\t\t\t\t<h1 class=\"elementor-heading-title elementor-size-default\">Garantie und Richtlinien<\/h1>\t\t\t\t<\/div>\n\t\t\t\t<\/div>\n\t\t\t\t\t<\/div>\n\t\t<\/div>\n\t\t\t\t\t<\/div>\n\t\t<\/section>\n\t\t\t\t<section class=\"elementor-section elementor-top-section elementor-element elementor-element-aaf6dd2 elementor-section-boxed elementor-section-height-default elementor-section-height-default\" data-id=\"aaf6dd2\" data-element_type=\"section\" data-e-type=\"section\">\n\t\t\t\t\t\t<div class=\"elementor-container elementor-column-gap-default\">\n\t\t\t\t\t<div class=\"elementor-column elementor-col-100 elementor-top-column elementor-element elementor-element-0d2e9de\" data-id=\"0d2e9de\" data-element_type=\"column\" data-e-type=\"column\">\n\t\t\t<div class=\"elementor-widget-wrap elementor-element-populated\">\n\t\t\t\t\t\t<div class=\"elementor-element elementor-element-5dac4f0 elementor-widget elementor-widget-text-editor\" data-id=\"5dac4f0\" data-element_type=\"widget\" data-e-type=\"widget\" data-widget_type=\"text-editor.default\">\n\t\t\t\t<div class=\"elementor-widget-container\">\n\t\t\t\t\t\t\t\t\t<p>Alle unsere Glasfaserkabel, Splitter, Patchkabel und anderen passiven Kommunikationsger\u00e4te werden vollst\u00e4ndig auf Aussehen und Leistung getestet. Nachdem die Produkte den Qualit\u00e4tsstandards entsprechen, werden die Testdaten auf die \u00e4u\u00dfere Schachtel oder den Beutel gedruckt und aufgeklebt und mit einem QC-Siegel versehen, um die Anerkennung der Qualit\u00e4t der Produkte zu zeigen und als Beweis f\u00fcr die R\u00fcckgabe im Falle eines Qualit\u00e4tsproblems.<\/p>\n<p>Generell f\u00fcr.<\/p>\n<p>a) Bei Glasfaserkabeln f\u00fcr den Innen- und Au\u00dfenbereich versprechen wir, dass die Waren vor dem Versand getestet und mit Pr\u00fcfberichten versehen werden, was eine 25-j\u00e4hrige Garantiezeit erm\u00f6glicht.<\/p>\n<p>b) F\u00fcr Glasfaser-Patchkabel f\u00fcr den Innen- und Au\u00dfenbereich versprechen wir, dass die Waren vor Verlassen des Werks getestet und mit Pr\u00fcfberichten versehen werden, was eine Garantie von 20 Jahren erm\u00f6glicht.<\/p>\n<p>C) PLC und FBT optische Splitter, versprechen wir, dass die Waren getestet und mit einem Testbericht versehen werden, bevor sie die Fabrik verlassen, und bieten 20 Jahre Garantie.<\/p>\n<p>d) Wir versprechen, dass die Konzentrizit\u00e4t jedes Kerns den geforderten Standards entspricht, getestet und mit Pr\u00fcfberichten versehen wird und eine 20-j\u00e4hrige Garantie gew\u00e4hrt wird.<\/p>\n<p>e) Glasfaseradapter, D\u00e4mpfungsglieder, Schmelzr\u00f6hren und anderes Zubeh\u00f6r, wir versprechen, dass die Waren vor dem Verlassen des Werks getestet und mit einem Pr\u00fcfbericht versehen werden und bieten 20 Jahre Garantie.<\/p>\n<p>Bei Produkten mit Qualit\u00e4tsbeanstandungen muss der Kunde, nachdem er dem Werk ein Muster des Produkts zur Fehleranalyse zur Verf\u00fcgung gestellt hat, die entsprechende Kuriernummer und die Handelsrechnung angeben, um uns den Empfang des Kuriers zu erleichtern. Innerhalb von 7 Arbeitstagen nach Erhalt des Musters stellen wir einen Bericht \u00fcber die Analyse des Musters aus, um zu best\u00e4tigen, ob das Produkt besch\u00e4digt ist, bevor es das Werk verl\u00e4sst. Die Kosten f\u00fcr die R\u00fccksendung der Probe zur Analyse werden von unserem Hersteller getragen. Wir sind zu 100 % f\u00fcr die Qualit\u00e4t des an den Kunden gelieferten Produkts vor dem Erhalt und der Verwendung des Produkts verantwortlich, mit Ausnahme von Sch\u00e4den, die durch externe Faktoren verursacht wurden.<\/p>\n<p>a) Wenn das Produkt w\u00e4hrend des Transports oder w\u00e4hrend der Garantiezeit besch\u00e4digt wird oder wenn die Qualit\u00e4t abnormal ist, \u00fcbernehmen wir die Kosten f\u00fcr die Wiederherstellung, den Versand usw.<\/p>\n<p>b) Wenn der Kunde mit dem von uns ausgestellten Pr\u00fcfbericht nicht einverstanden ist, kann die Probe einer dritten Pr\u00fcforganisation zur weiteren Analyse und Best\u00e4tigung vorgelegt werden, wobei die Pr\u00fcfkosten vom Kunden getragen oder ausgehandelt werden. Wenn das Testergebnis best\u00e4tigt, dass das Produktqualit\u00e4tsproblem von uns verursacht wurde, werden alle Testkosten von uns getragen. Wenn sich herausstellt, dass das Testergebnis auf eine unsachgem\u00e4\u00dfe Nutzung durch den Kunden zur\u00fcckzuf\u00fchren ist, \u00fcbernehmen wir nicht die Kosten f\u00fcr die Strukturpr\u00fcfung durch Dritte.<\/p>\n<p>c) Wenn das Produkt oder ein Teil des Produkts durch den K\u00e4ufer besch\u00e4digt oder falsch gehandhabt wird, erlischt unsere normale Garantie, aber wir sind bereit, mit dem Kunden zu verhandeln, um das Problem zu l\u00f6sen.<\/p>\n<p>d) Wenn das Produkt nicht verf\u00fcgbar ist oder die Garantiezeit \u00fcberschreitet, werden wir unser Bestes tun, um mit dem Kunden zusammenzuarbeiten, um das Problem zu l\u00f6sen und ein kosteng\u00fcnstiges und geeignetes Produkt f\u00fcr den Kunden bereitzustellen, das er weiterhin nutzen kann.<\/p>\n<p>Sollten Sie w\u00e4hrend des Gebrauchs, des Testens und der Nutzung auf Qualit\u00e4ts- oder technische Probleme sto\u00dfen, k\u00f6nnen Sie uns gerne unter info@bonelink.com kontaktieren.<\/p>\t\t\t\t\t\t\t\t<\/div>\n\t\t\t\t<\/div>\n\t\t\t\t\t<\/div>\n\t\t<\/div>\n\t\t\t\t\t<\/div>\n\t\t<\/section>\n\t\t\t\t<\/div>\n\t\t","protected":false},"excerpt":{"rendered":"<p>Garantie und Richtlinien Alle unsere Glasfaserkabel, Splitter, Patchkabel und anderen passiven Kommunikationsger\u00e4te werden vollst\u00e4ndig auf Aussehen und Leistung getestet. Nachdem die Produkte den Qualit\u00e4tsstandards entsprechen, werden die Testdaten auf die \u00e4u\u00dfere Schachtel oder den Beutel gedruckt und aufgeklebt und mit einem QC-Siegel versehen, um die Anerkennung der Qualit\u00e4t der Produkte zu zeigen und als Beweis [&hellip;]<\/p>\n","protected":false},"author":1,"featured_media":0,"parent":0,"menu_order":0,"comment_status":"closed","ping_status":"closed","template":"","meta":{"site-sidebar-layout":"no-sidebar","site-content-layout":"page-builder","ast-site-content-layout":"default","site-content-style":"default","site-sidebar-style":"default","ast-global-header-display":"","ast-banner-title-visibility":"","ast-main-header-display":"","ast-hfb-above-header-display":"","ast-hfb-below-header-display":"","ast-hfb-mobile-header-display":"","site-post-title":"disabled","ast-breadcrumbs-content":"","ast-featured-img":"disabled","footer-sml-layout":"","ast-disable-related-posts":"","theme-transparent-header-meta":"","adv-header-id-meta":"","stick-header-meta":"","header-above-stick-meta":"","header-main-stick-meta":"","header-below-stick-meta":"","astra-migrate-meta-layouts":"default","ast-page-background-enabled":"default","ast-page-background-meta":{"desktop":{"background-color":"","background-image":"","background-repeat":"repeat","background-position":"center center","background-size":"auto","background-attachment":"scroll","background-type":"","background-media":"","overlay-type":"","overlay-color":"","overlay-opacity":"","overlay-gradient":""},"tablet":{"background-color":"","background-image":"","background-repeat":"repeat","background-position":"center center","background-size":"auto","background-attachment":"scroll","background-type":"","background-media":"","overlay-type":"","overlay-color":"","overlay-opacity":"","overlay-gradient":""},"mobile":{"background-color":"","background-image":"","background-repeat":"repeat","background-position":"center center","background-size":"auto","background-attachment":"scroll","background-type":"","background-media":"","overlay-type":"","overlay-color":"","overlay-opacity":"","overlay-gradient":""}},"ast-content-background-meta":{"desktop":{"background-color":"var(--ast-global-color-5)","background-image":"","background-repeat":"repeat","background-position":"center center","background-size":"auto","background-attachment":"scroll","background-type":"","background-media":"","overlay-type":"","overlay-color":"","overlay-opacity":"","overlay-gradient":""},"tablet":{"background-color":"var(--ast-global-color-5)","background-image":"","background-repeat":"repeat","background-position":"center center","background-size":"auto","background-attachment":"scroll","background-type":"","background-media":"","overlay-type":"","overlay-color":"","overlay-opacity":"","overlay-gradient":""},"mobile":{"background-color":"var(--ast-global-color-5)","background-image":"","background-repeat":"repeat","background-position":"center center","background-size":"auto","background-attachment":"scroll","background-type":"","background-media":"","overlay-type":"","overlay-color":"","overlay-opacity":"","overlay-gradient":""}},"footnotes":""},"class_list":["post-20785","page","type-page","status-publish","hentry"],"_links":{"self":[{"href":"https:\/\/www.bonelinks.com\/de\/wp-json\/wp\/v2\/pages\/20785","targetHints":{"allow":["GET"]}}],"collection":[{"href":"https:\/\/www.bonelinks.com\/de\/wp-json\/wp\/v2\/pages"}],"about":[{"href":"https:\/\/www.bonelinks.com\/de\/wp-json\/wp\/v2\/types\/page"}],"author":[{"embeddable":true,"href":"https:\/\/www.bonelinks.com\/de\/wp-json\/wp\/v2\/users\/1"}],"replies":[{"embeddable":true,"href":"https:\/\/www.bonelinks.com\/de\/wp-json\/wp\/v2\/comments?post=20785"}],"version-history":[{"count":1,"href":"https:\/\/www.bonelinks.com\/de\/wp-json\/wp\/v2\/pages\/20785\/revisions"}],"predecessor-version":[{"id":20799,"href":"https:\/\/www.bonelinks.com\/de\/wp-json\/wp\/v2\/pages\/20785\/revisions\/20799"}],"wp:attachment":[{"href":"https:\/\/www.bonelinks.com\/de\/wp-json\/wp\/v2\/media?parent=20785"}],"curies":[{"name":"wp","href":"https:\/\/api.w.org\/{rel}","templated":true}]}}