{"id":20667,"date":"2022-11-14T00:56:32","date_gmt":"2022-11-14T08:56:32","guid":{"rendered":"https:\/\/www.bonelinks.com\/faseroptische-produkte\/"},"modified":"2024-02-02T00:07:49","modified_gmt":"2024-02-02T08:07:49","slug":"product","status":"publish","type":"page","link":"https:\/\/www.bonelinks.com\/de\/product\/","title":{"rendered":"Faseroptische Produkte"},"content":{"rendered":"<h1 style=\"text-align: left; font-size: 18px;\"><strong>Verst\u00e4rkung der Konnektivit\u00e4t: Entdecken Sie unsere breite Palette an Glasfaserprodukten!<\/strong><\/h1>\n<p>Entdecken Sie eine umfassende Auswahl an faseroptischen Produkten! Von Glasfaserkabeln, Glasfaser-Patchkabeln und optischen Splittern bis hin zu anderen optischen Baugruppen deckt unser Angebot Ihren gesamten Bedarf an Glasfasern ab.<\/p>\n<p>Als professioneller Anbieter von Glasfaserprodukten bietet Bonelinks leistungsstarke Glasfaserl\u00f6sungen, die den Industriestandards entsprechen oder diese sogar \u00fcbertreffen. Unsere Glasfaserprodukte zeichnen sich durch ihr geringes Gewicht und ihre hohe Signalintegrit\u00e4t auch in den rauesten Umgebungen aus.<\/p>\n<p>Erweitern Sie Ihre Bandbreite mit unseren zuverl\u00e4ssigen Glasfaserverkabelungsl\u00f6sungen. Entdecken Sie unsere vorgestellten Produkte und ein reichhaltiges Angebot an optischen Fasern und Kabeln. Weitere Informationen finden Sie unten.<\/p>\n","protected":false},"excerpt":{"rendered":"<p>Verst\u00e4rkung der Konnektivit\u00e4t: Entdecken Sie unsere breite Palette an Glasfaserprodukten! Entdecken Sie eine umfassende Auswahl an faseroptischen Produkten! Von Glasfaserkabeln, Glasfaser-Patchkabeln und optischen Splittern bis hin zu anderen optischen Baugruppen deckt unser Angebot Ihren gesamten Bedarf an Glasfasern ab. Als professioneller Anbieter von Glasfaserprodukten bietet Bonelinks leistungsstarke Glasfaserl\u00f6sungen, die den Industriestandards entsprechen oder diese sogar [&hellip;]<\/p>\n","protected":false},"author":1,"featured_media":0,"parent":0,"menu_order":0,"comment_status":"closed","ping_status":"closed","template":"","meta":{"site-sidebar-layout":"default","site-content-layout":"default","ast-site-content-layout":"default","site-content-style":"default","site-sidebar-style":"default","ast-global-header-display":"","ast-banner-title-visibility":"","ast-main-header-display":"","ast-hfb-above-header-display":"","ast-hfb-below-header-display":"","ast-hfb-mobile-header-display":"","site-post-title":"","ast-breadcrumbs-content":"","ast-featured-img":"","footer-sml-layout":"","ast-disable-related-posts":"","theme-transparent-header-meta":"default","adv-header-id-meta":"","stick-header-meta":"default","header-above-stick-meta":"","header-main-stick-meta":"","header-below-stick-meta":"","astra-migrate-meta-layouts":"default","ast-page-background-enabled":"default","ast-page-background-meta":{"desktop":{"background-color":"","background-image":"","background-repeat":"repeat","background-position":"center center","background-size":"auto","background-attachment":"scroll","background-type":"","background-media":"","overlay-type":"","overlay-color":"","overlay-opacity":"","overlay-gradient":""},"tablet":{"background-color":"","background-image":"","background-repeat":"repeat","background-position":"center center","background-size":"auto","background-attachment":"scroll","background-type":"","background-media":"","overlay-type":"","overlay-color":"","overlay-opacity":"","overlay-gradient":""},"mobile":{"background-color":"","background-image":"","background-repeat":"repeat","background-position":"center center","background-size":"auto","background-attachment":"scroll","background-type":"","background-media":"","overlay-type":"","overlay-color":"","overlay-opacity":"","overlay-gradient":""}},"ast-content-background-meta":{"desktop":{"background-color":"var(--ast-global-color-5)","background-image":"","background-repeat":"repeat","background-position":"center center","background-size":"auto","background-attachment":"scroll","background-type":"","background-media":"","overlay-type":"","overlay-color":"","overlay-opacity":"","overlay-gradient":""},"tablet":{"background-color":"var(--ast-global-color-5)","background-image":"","background-repeat":"repeat","background-position":"center center","background-size":"auto","background-attachment":"scroll","background-type":"","background-media":"","overlay-type":"","overlay-color":"","overlay-opacity":"","overlay-gradient":""},"mobile":{"background-color":"var(--ast-global-color-5)","background-image":"","background-repeat":"repeat","background-position":"center center","background-size":"auto","background-attachment":"scroll","background-type":"","background-media":"","overlay-type":"","overlay-color":"","overlay-opacity":"","overlay-gradient":""}},"footnotes":""},"class_list":["post-20667","page","type-page","status-publish","hentry"],"_links":{"self":[{"href":"https:\/\/www.bonelinks.com\/de\/wp-json\/wp\/v2\/pages\/20667","targetHints":{"allow":["GET"]}}],"collection":[{"href":"https:\/\/www.bonelinks.com\/de\/wp-json\/wp\/v2\/pages"}],"about":[{"href":"https:\/\/www.bonelinks.com\/de\/wp-json\/wp\/v2\/types\/page"}],"author":[{"embeddable":true,"href":"https:\/\/www.bonelinks.com\/de\/wp-json\/wp\/v2\/users\/1"}],"replies":[{"embeddable":true,"href":"https:\/\/www.bonelinks.com\/de\/wp-json\/wp\/v2\/comments?post=20667"}],"version-history":[{"count":1,"href":"https:\/\/www.bonelinks.com\/de\/wp-json\/wp\/v2\/pages\/20667\/revisions"}],"predecessor-version":[{"id":24721,"href":"https:\/\/www.bonelinks.com\/de\/wp-json\/wp\/v2\/pages\/20667\/revisions\/24721"}],"wp:attachment":[{"href":"https:\/\/www.bonelinks.com\/de\/wp-json\/wp\/v2\/media?parent=20667"}],"curies":[{"name":"wp","href":"https:\/\/api.w.org\/{rel}","templated":true}]}}